{"id":31938,"date":"2021-10-09T22:55:26","date_gmt":"2021-10-09T19:55:26","guid":{"rendered":"https:\/\/new.akvazoo.ee\/?post_type=product&#038;p=31938"},"modified":"2024-03-11T00:20:56","modified_gmt":"2024-03-10T22:20:56","slug":"jbl-protemp-e300","status":"publish","type":"product","link":"https:\/\/akvazoo.ee\/en\/product\/jbl-protemp-e300\/","title":{"rendered":"JBL PROTEMP e300"},"content":{"rendered":"<div style=\"width: 1280px;\" class=\"wp-video\"><!--[if lt IE 9]><script>document.createElement('video');<\/script><![endif]-->\n<video class=\"wp-video-shortcode\" id=\"video-31938-1\" width=\"1280\" height=\"720\" preload=\"metadata\" controls=\"controls\"><source type=\"video\/mp4\" src=\"https:\/\/new.akvazoo.ee\/wp-content\/uploads\/2021\/10\/JBL-PROTEMP-e-Au\u00dfenheizer-f\u00fcr-Aquarien-so-bleiben-Strom-und-Technik-au\u00dferhalb-des-Aquariums.mp4?_=1\" \/><a href=\"https:\/\/new.akvazoo.ee\/wp-content\/uploads\/2021\/10\/JBL-PROTEMP-e-Au\u00dfenheizer-f\u00fcr-Aquarien-so-bleiben-Strom-und-Technik-au\u00dferhalb-des-Aquariums.mp4\">https:\/\/new.akvazoo.ee\/wp-content\/uploads\/2021\/10\/JBL-PROTEMP-e-Au\u00dfenheizer-f\u00fcr-Aquarien-so-bleiben-Strom-und-Technik-au\u00dferhalb-des-Aquariums.mp4<\/a><\/video><\/div>\n","protected":false},"excerpt":{"rendered":"<p><strong>External heater for freshwater and marine aquariums from 90 to 300 l<\/strong><br \/>\nIn-line heater integrated into the hose of the external aquarium filter, removing the need for a heater INSIDE an Aquarium<br \/>\nEasy installation: cut through the hose from the external filter that feeds the water back into the aquarium, insert the external heater in between, insert the plug and set the water temperature you want<br \/>\nThe integration in the filter circuit ensures a very even distribution of the water temperature with an accuracy of +\/- 0.5 \u00b0C and a switching interval of 1.0 \u00b0C in the aquarium<br \/>\nLED display of current and desired temperature. Interchangeable, screw-on (3\/4&#8221;) hose connections for 12\/16, 16\/22 and 19\/25 mm incl. hose securing. Total length 30.5 cm<br \/>\nPackage contents: 1 in-line heater 300 W for aquariums from 90-300 l (80-120 cm) with hose connections for 12\/16, 16\/22 and 19\/25 mm and cleaning brush<\/p>\n","protected":false},"featured_media":31948,"template":"","meta":[],"product_brand":[],"product_cat":[397],"product_tag":[],"class_list":{"0":"post-31938","1":"product","2":"type-product","3":"status-publish","4":"has-post-thumbnail","6":"product_cat-heaters","8":"first","9":"onbackorder","10":"shipping-taxable","11":"purchasable","12":"product-type-simple"},"yoast_head":"<!-- This site is optimized with the Yoast SEO plugin v26.2 - https:\/\/yoast.com\/wordpress\/plugins\/seo\/ -->\n<title>JBL PROTEMP e300<\/title>\n<meta name=\"robots\" content=\"index, follow, max-snippet:-1, max-image-preview:large, max-video-preview:-1\" \/>\n<link rel=\"canonical\" href=\"https:\/\/akvazoo.ee\/en\/product\/jbl-protemp-e300\/\" \/>\n<meta property=\"og:locale\" content=\"en_US\" \/>\n<meta property=\"og:type\" content=\"article\" \/>\n<meta property=\"og:title\" content=\"JBL PROTEMP e300\" \/>\n<meta property=\"og:description\" content=\"External heater for freshwater and marine aquariums from 90 to 300 l In-line heater integrated into the hose of the external aquarium filter, removing the need for a heater INSIDE an Aquarium Easy installation: cut through the hose from the external filter that feeds the water back into the aquarium, insert the external heater in between, insert the plug and set the water temperature you want The integration in the filter circuit ensures a very even distribution of the water temperature with an accuracy of +\/- 0.5 \u00b0C and a switching interval of 1.0 \u00b0C in the aquarium LED display of current and desired temperature. Interchangeable, screw-on (3\/4&#039;&#039;) hose connections for 12\/16, 16\/22 and 19\/25 mm incl. hose securing. Total length 30.5 cm Package contents: 1 in-line heater 300 W for aquariums from 90-300 l (80-120 cm) with hose connections for 12\/16, 16\/22 and 19\/25 mm and cleaning brush\" \/>\n<meta property=\"og:url\" content=\"https:\/\/akvazoo.ee\/en\/product\/jbl-protemp-e300\/\" \/>\n<meta property=\"og:site_name\" content=\"AkvaZOO Online Pet Shop\" \/>\n<meta property=\"article:publisher\" content=\"https:\/\/www.facebook.com\/akvazoo.pood\" \/>\n<meta property=\"article:modified_time\" content=\"2024-03-10T22:20:56+00:00\" \/>\n<meta property=\"og:image\" content=\"https:\/\/akvazoo.ee\/wp-content\/uploads\/2021\/10\/ProT300a.jpg\" \/>\n\t<meta property=\"og:image:width\" content=\"1940\" \/>\n\t<meta property=\"og:image:height\" content=\"1940\" \/>\n\t<meta property=\"og:image:type\" content=\"image\/jpeg\" \/>\n<meta name=\"twitter:card\" content=\"summary_large_image\" \/>\n<meta name=\"twitter:label1\" content=\"Price\" \/>\n\t<meta name=\"twitter:data1\" content=\"39.90&euro;\" \/>\n\t<meta name=\"twitter:label2\" content=\"Availability\" \/>\n\t<meta name=\"twitter:data2\" content=\"On backorder\" \/>\n<script type=\"application\/ld+json\" class=\"yoast-schema-graph\">{\"@context\":\"https:\/\/schema.org\",\"@graph\":[{\"@type\":\"WebPage\",\"@id\":\"https:\/\/akvazoo.ee\/en\/product\/jbl-protemp-e300\/\",\"url\":\"https:\/\/akvazoo.ee\/en\/product\/jbl-protemp-e300\/\",\"name\":\"JBL PROTEMP e300\",\"isPartOf\":{\"@id\":\"https:\/\/akvazoo.ee\/#website\"},\"primaryImageOfPage\":{\"@id\":\"https:\/\/akvazoo.ee\/en\/product\/jbl-protemp-e300\/#primaryimage\"},\"image\":{\"@id\":\"https:\/\/akvazoo.ee\/en\/product\/jbl-protemp-e300\/#primaryimage\"},\"thumbnailUrl\":\"https:\/\/akvazoo.ee\/wp-content\/uploads\/2021\/10\/ProT300a.jpg\",\"datePublished\":\"2021-10-09T19:55:26+00:00\",\"dateModified\":\"2024-03-10T22:20:56+00:00\",\"breadcrumb\":{\"@id\":\"https:\/\/akvazoo.ee\/en\/product\/jbl-protemp-e300\/#breadcrumb\"},\"inLanguage\":\"en-US\",\"potentialAction\":[{\"@type\":\"ReadAction\",\"target\":[\"https:\/\/akvazoo.ee\/en\/product\/jbl-protemp-e300\/\"]}]},{\"@type\":\"ImageObject\",\"inLanguage\":\"en-US\",\"@id\":\"https:\/\/akvazoo.ee\/en\/product\/jbl-protemp-e300\/#primaryimage\",\"url\":\"https:\/\/akvazoo.ee\/wp-content\/uploads\/2021\/10\/ProT300a.jpg\",\"contentUrl\":\"https:\/\/akvazoo.ee\/wp-content\/uploads\/2021\/10\/ProT300a.jpg\",\"width\":1940,\"height\":1940},{\"@type\":\"BreadcrumbList\",\"@id\":\"https:\/\/akvazoo.ee\/en\/product\/jbl-protemp-e300\/#breadcrumb\",\"itemListElement\":[{\"@type\":\"ListItem\",\"position\":1,\"name\":\"Home\",\"item\":\"https:\/\/akvazoo.ee\/\"},{\"@type\":\"ListItem\",\"position\":2,\"name\":\"Shop\",\"item\":\"https:\/\/akvazoo.ee\/shop\/\"},{\"@type\":\"ListItem\",\"position\":3,\"name\":\"JBL PROTEMP e300\"}]},{\"@type\":\"WebSite\",\"@id\":\"https:\/\/akvazoo.ee\/#website\",\"url\":\"https:\/\/akvazoo.ee\/\",\"name\":\"AkvaZOO Lemmikloomapood\",\"description\":\"\",\"publisher\":{\"@id\":\"https:\/\/akvazoo.ee\/#organization\"},\"potentialAction\":[{\"@type\":\"SearchAction\",\"target\":{\"@type\":\"EntryPoint\",\"urlTemplate\":\"https:\/\/akvazoo.ee\/?s={search_term_string}\"},\"query-input\":{\"@type\":\"PropertyValueSpecification\",\"valueRequired\":true,\"valueName\":\"search_term_string\"}}],\"inLanguage\":\"en-US\"},{\"@type\":\"Organization\",\"@id\":\"https:\/\/akvazoo.ee\/#organization\",\"name\":\"Akvazoo Trade O\u00dc\",\"url\":\"https:\/\/akvazoo.ee\/\",\"logo\":{\"@type\":\"ImageObject\",\"inLanguage\":\"en-US\",\"@id\":\"https:\/\/akvazoo.ee\/#\/schema\/logo\/image\/\",\"url\":\"https:\/\/akvazoo.ee\/wp-content\/uploads\/2023\/09\/akvazoo.svg\",\"contentUrl\":\"https:\/\/akvazoo.ee\/wp-content\/uploads\/2023\/09\/akvazoo.svg\",\"width\":\"1024\",\"height\":\"1024\",\"caption\":\"Akvazoo Trade O\u00dc\"},\"image\":{\"@id\":\"https:\/\/akvazoo.ee\/#\/schema\/logo\/image\/\"},\"sameAs\":[\"https:\/\/www.facebook.com\/akvazoo.pood\"]}]}<\/script>\n<meta property=\"product:price:amount\" content=\"39.90\" \/>\n<meta property=\"product:price:currency\" content=\"EUR\" \/>\n<meta property=\"og:availability\" content=\"backorder\" \/>\n<meta property=\"product:availability\" content=\"available for order\" \/>\n<meta property=\"product:condition\" content=\"new\" \/>\n<!-- \/ Yoast SEO plugin. -->","yoast_head_json":{"title":"JBL PROTEMP e300","robots":{"index":"index","follow":"follow","max-snippet":"max-snippet:-1","max-image-preview":"max-image-preview:large","max-video-preview":"max-video-preview:-1"},"canonical":"https:\/\/akvazoo.ee\/en\/product\/jbl-protemp-e300\/","og_locale":"en_US","og_type":"article","og_title":"JBL PROTEMP e300","og_description":"External heater for freshwater and marine aquariums from 90 to 300 l In-line heater integrated into the hose of the external aquarium filter, removing the need for a heater INSIDE an Aquarium Easy installation: cut through the hose from the external filter that feeds the water back into the aquarium, insert the external heater in between, insert the plug and set the water temperature you want The integration in the filter circuit ensures a very even distribution of the water temperature with an accuracy of +\/- 0.5 \u00b0C and a switching interval of 1.0 \u00b0C in the aquarium LED display of current and desired temperature. Interchangeable, screw-on (3\/4'') hose connections for 12\/16, 16\/22 and 19\/25 mm incl. hose securing. Total length 30.5 cm Package contents: 1 in-line heater 300 W for aquariums from 90-300 l (80-120 cm) with hose connections for 12\/16, 16\/22 and 19\/25 mm and cleaning brush","og_url":"https:\/\/akvazoo.ee\/en\/product\/jbl-protemp-e300\/","og_site_name":"AkvaZOO Online Pet Shop","article_publisher":"https:\/\/www.facebook.com\/akvazoo.pood","article_modified_time":"2024-03-10T22:20:56+00:00","og_image":[{"width":1940,"height":1940,"url":"https:\/\/akvazoo.ee\/wp-content\/uploads\/2021\/10\/ProT300a.jpg","type":"image\/jpeg"}],"twitter_card":"summary_large_image","twitter_misc":{"Price":"39.90&euro;","Availability":"On backorder"},"schema":{"@context":"https:\/\/schema.org","@graph":[{"@type":"WebPage","@id":"https:\/\/akvazoo.ee\/en\/product\/jbl-protemp-e300\/","url":"https:\/\/akvazoo.ee\/en\/product\/jbl-protemp-e300\/","name":"JBL PROTEMP e300","isPartOf":{"@id":"https:\/\/akvazoo.ee\/#website"},"primaryImageOfPage":{"@id":"https:\/\/akvazoo.ee\/en\/product\/jbl-protemp-e300\/#primaryimage"},"image":{"@id":"https:\/\/akvazoo.ee\/en\/product\/jbl-protemp-e300\/#primaryimage"},"thumbnailUrl":"https:\/\/akvazoo.ee\/wp-content\/uploads\/2021\/10\/ProT300a.jpg","datePublished":"2021-10-09T19:55:26+00:00","dateModified":"2024-03-10T22:20:56+00:00","breadcrumb":{"@id":"https:\/\/akvazoo.ee\/en\/product\/jbl-protemp-e300\/#breadcrumb"},"inLanguage":"en-US","potentialAction":[{"@type":"ReadAction","target":["https:\/\/akvazoo.ee\/en\/product\/jbl-protemp-e300\/"]}]},{"@type":"ImageObject","inLanguage":"en-US","@id":"https:\/\/akvazoo.ee\/en\/product\/jbl-protemp-e300\/#primaryimage","url":"https:\/\/akvazoo.ee\/wp-content\/uploads\/2021\/10\/ProT300a.jpg","contentUrl":"https:\/\/akvazoo.ee\/wp-content\/uploads\/2021\/10\/ProT300a.jpg","width":1940,"height":1940},{"@type":"BreadcrumbList","@id":"https:\/\/akvazoo.ee\/en\/product\/jbl-protemp-e300\/#breadcrumb","itemListElement":[{"@type":"ListItem","position":1,"name":"Home","item":"https:\/\/akvazoo.ee\/"},{"@type":"ListItem","position":2,"name":"Shop","item":"https:\/\/akvazoo.ee\/shop\/"},{"@type":"ListItem","position":3,"name":"JBL PROTEMP e300"}]},{"@type":"WebSite","@id":"https:\/\/akvazoo.ee\/#website","url":"https:\/\/akvazoo.ee\/","name":"AkvaZOO Lemmikloomapood","description":"","publisher":{"@id":"https:\/\/akvazoo.ee\/#organization"},"potentialAction":[{"@type":"SearchAction","target":{"@type":"EntryPoint","urlTemplate":"https:\/\/akvazoo.ee\/?s={search_term_string}"},"query-input":{"@type":"PropertyValueSpecification","valueRequired":true,"valueName":"search_term_string"}}],"inLanguage":"en-US"},{"@type":"Organization","@id":"https:\/\/akvazoo.ee\/#organization","name":"Akvazoo Trade O\u00dc","url":"https:\/\/akvazoo.ee\/","logo":{"@type":"ImageObject","inLanguage":"en-US","@id":"https:\/\/akvazoo.ee\/#\/schema\/logo\/image\/","url":"https:\/\/akvazoo.ee\/wp-content\/uploads\/2023\/09\/akvazoo.svg","contentUrl":"https:\/\/akvazoo.ee\/wp-content\/uploads\/2023\/09\/akvazoo.svg","width":"1024","height":"1024","caption":"Akvazoo Trade O\u00dc"},"image":{"@id":"https:\/\/akvazoo.ee\/#\/schema\/logo\/image\/"},"sameAs":["https:\/\/www.facebook.com\/akvazoo.pood"]}]},"product_price_amount":"39.90","product_price_currency":"EUR","og_availability":"backorder","product_availability":"available for order","product_condition":"new"},"_links":{"self":[{"href":"https:\/\/akvazoo.ee\/en\/wp-json\/wp\/v2\/product\/31938","targetHints":{"allow":["GET"]}}],"collection":[{"href":"https:\/\/akvazoo.ee\/en\/wp-json\/wp\/v2\/product"}],"about":[{"href":"https:\/\/akvazoo.ee\/en\/wp-json\/wp\/v2\/types\/product"}],"wp:featuredmedia":[{"embeddable":true,"href":"https:\/\/akvazoo.ee\/en\/wp-json\/wp\/v2\/media\/31948"}],"wp:attachment":[{"href":"https:\/\/akvazoo.ee\/en\/wp-json\/wp\/v2\/media?parent=31938"}],"wp:term":[{"taxonomy":"product_brand","embeddable":true,"href":"https:\/\/akvazoo.ee\/en\/wp-json\/wp\/v2\/product_brand?post=31938"},{"taxonomy":"product_cat","embeddable":true,"href":"https:\/\/akvazoo.ee\/en\/wp-json\/wp\/v2\/product_cat?post=31938"},{"taxonomy":"product_tag","embeddable":true,"href":"https:\/\/akvazoo.ee\/en\/wp-json\/wp\/v2\/product_tag?post=31938"}],"curies":[{"name":"wp","href":"https:\/\/api.w.org\/{rel}","templated":true}]}}