{"id":40575,"date":"2024-04-23T22:10:14","date_gmt":"2024-04-23T19:10:14","guid":{"rendered":"https:\/\/akvazoo.ee\/?post_type=product&#038;p=40575"},"modified":"2025-12-30T23:54:19","modified_gmt":"2025-12-30T21:54:19","slug":"essential-the-jaguar-pate","status":"publish","type":"product","link":"https:\/\/akvazoo.ee\/en\/product\/essential-the-jaguar-pate\/","title":{"rendered":"ESSENTIAL the JAGUAR P\u00c2T\u00c9"},"content":{"rendered":"<p><strong>Analytical constituents:<\/strong>\u00a0Crude protein 8%, crude fat 4%, crude ash 2%, crude fibre 0.5%, moisture 82%.<\/p>\n<p><strong>Metabolisable energy:<\/strong>\u00a0810 kcal\/kg.<\/p>\n<p><strong>Nutritional additives per kg:<\/strong>\u00a0Vitamin A (3a672a) 350IU, Vitamin D3 (3a671) 100IU, Zinc (3b606) 5mg, iron (3b106) 4mg, manganese (3b504) 1.2mg, iodine (3b201) 0.3mg, taurine (3a370) 400mg.<\/p>\n","protected":false},"excerpt":{"rendered":"<p>ESSENTIAL the JAGUAR P\u00c2T\u00c9 is our exceptionally delicious dish with cuts of chicken fillets in a thick gravy with salmon.<strong> It\u2019s 85% meat \u2013 pretty amazing!<\/strong> Can be served as a complete meal or as a mouthwatering topping for adult cats seeking the very best.<br \/>\n<strong>Composition:<\/strong>\u00a0Chicken fillets (66%), liver (15%), salmon (4%), pea flour (3%), lignocellulose, calcium carbonate, sea buckthorn (0.2%), nasturtium.<\/p>\n","protected":false},"featured_media":40578,"template":"","meta":[],"product_brand":[],"product_cat":[408,573],"product_tag":[],"class_list":{"0":"post-40575","1":"product","2":"type-product","3":"status-publish","4":"has-post-thumbnail","6":"product_cat-cat-wet","7":"product_cat-essential","9":"first","10":"instock","11":"shipping-taxable","12":"purchasable","13":"product-type-variable"},"yoast_head":"<!-- This site is optimized with the Yoast SEO plugin v26.2 - https:\/\/yoast.com\/wordpress\/plugins\/seo\/ -->\n<title>ESSENTIAL the JAGUAR P\u00c2T\u00c9<\/title>\n<meta name=\"robots\" content=\"index, follow, max-snippet:-1, max-image-preview:large, max-video-preview:-1\" \/>\n<link rel=\"canonical\" href=\"https:\/\/akvazoo.ee\/en\/product\/essential-the-jaguar-pate\/\" \/>\n<meta property=\"og:locale\" content=\"en_US\" \/>\n<meta property=\"og:type\" content=\"article\" \/>\n<meta property=\"og:title\" content=\"ESSENTIAL the JAGUAR P\u00c2T\u00c9\" \/>\n<meta property=\"og:description\" content=\"ESSENTIAL the JAGUAR P\u00c2T\u00c9 is our exceptionally delicious dish with cuts of chicken fillets in a thick gravy with salmon. It\u2019s 85% meat \u2013 pretty amazing! Can be served as a complete meal or as a mouthwatering topping for adult cats seeking the very best. Composition:\u00a0Chicken fillets (66%), liver (15%), salmon (4%), pea flour (3%), lignocellulose, calcium carbonate, sea buckthorn (0.2%), nasturtium.\" \/>\n<meta property=\"og:url\" content=\"https:\/\/akvazoo.ee\/en\/product\/essential-the-jaguar-pate\/\" \/>\n<meta property=\"og:site_name\" content=\"AkvaZOO Online Pet Shop\" \/>\n<meta property=\"article:publisher\" content=\"https:\/\/www.facebook.com\/akvazoo.pood\" \/>\n<meta property=\"article:modified_time\" content=\"2025-12-30T21:54:19+00:00\" \/>\n<meta property=\"og:image\" content=\"https:\/\/akvazoo.ee\/wp-content\/uploads\/2024\/04\/jaguar_pate1.png\" \/>\n\t<meta property=\"og:image:width\" content=\"1564\" \/>\n\t<meta property=\"og:image:height\" content=\"1860\" \/>\n\t<meta property=\"og:image:type\" content=\"image\/png\" \/>\n<meta name=\"twitter:card\" content=\"summary_large_image\" \/>\n<meta name=\"twitter:label1\" content=\"Availability\" \/>\n\t<meta name=\"twitter:data1\" content=\"In stock\" \/>\n<script type=\"application\/ld+json\" class=\"yoast-schema-graph\">{\"@context\":\"https:\/\/schema.org\",\"@graph\":[{\"@type\":\"WebPage\",\"@id\":\"https:\/\/akvazoo.ee\/en\/product\/essential-the-jaguar-pate\/\",\"url\":\"https:\/\/akvazoo.ee\/en\/product\/essential-the-jaguar-pate\/\",\"name\":\"ESSENTIAL the JAGUAR P\u00c2T\u00c9\",\"isPartOf\":{\"@id\":\"https:\/\/akvazoo.ee\/#website\"},\"primaryImageOfPage\":{\"@id\":\"https:\/\/akvazoo.ee\/en\/product\/essential-the-jaguar-pate\/#primaryimage\"},\"image\":{\"@id\":\"https:\/\/akvazoo.ee\/en\/product\/essential-the-jaguar-pate\/#primaryimage\"},\"thumbnailUrl\":\"https:\/\/akvazoo.ee\/wp-content\/uploads\/2024\/04\/jaguar_pate1.png\",\"datePublished\":\"2024-04-23T19:10:14+00:00\",\"dateModified\":\"2025-12-30T21:54:19+00:00\",\"breadcrumb\":{\"@id\":\"https:\/\/akvazoo.ee\/en\/product\/essential-the-jaguar-pate\/#breadcrumb\"},\"inLanguage\":\"en-US\",\"potentialAction\":[{\"@type\":\"ReadAction\",\"target\":[\"https:\/\/akvazoo.ee\/en\/product\/essential-the-jaguar-pate\/\"]}]},{\"@type\":\"ImageObject\",\"inLanguage\":\"en-US\",\"@id\":\"https:\/\/akvazoo.ee\/en\/product\/essential-the-jaguar-pate\/#primaryimage\",\"url\":\"https:\/\/akvazoo.ee\/wp-content\/uploads\/2024\/04\/jaguar_pate1.png\",\"contentUrl\":\"https:\/\/akvazoo.ee\/wp-content\/uploads\/2024\/04\/jaguar_pate1.png\",\"width\":1564,\"height\":1860},{\"@type\":\"BreadcrumbList\",\"@id\":\"https:\/\/akvazoo.ee\/en\/product\/essential-the-jaguar-pate\/#breadcrumb\",\"itemListElement\":[{\"@type\":\"ListItem\",\"position\":1,\"name\":\"Home\",\"item\":\"https:\/\/akvazoo.ee\/\"},{\"@type\":\"ListItem\",\"position\":2,\"name\":\"Shop\",\"item\":\"https:\/\/akvazoo.ee\/shop\/\"},{\"@type\":\"ListItem\",\"position\":3,\"name\":\"ESSENTIAL the JAGUAR P\u00c2T\u00c9\"}]},{\"@type\":\"WebSite\",\"@id\":\"https:\/\/akvazoo.ee\/#website\",\"url\":\"https:\/\/akvazoo.ee\/\",\"name\":\"AkvaZOO Lemmikloomapood\",\"description\":\"\",\"publisher\":{\"@id\":\"https:\/\/akvazoo.ee\/#organization\"},\"potentialAction\":[{\"@type\":\"SearchAction\",\"target\":{\"@type\":\"EntryPoint\",\"urlTemplate\":\"https:\/\/akvazoo.ee\/?s={search_term_string}\"},\"query-input\":{\"@type\":\"PropertyValueSpecification\",\"valueRequired\":true,\"valueName\":\"search_term_string\"}}],\"inLanguage\":\"en-US\"},{\"@type\":\"Organization\",\"@id\":\"https:\/\/akvazoo.ee\/#organization\",\"name\":\"Akvazoo Trade O\u00dc\",\"url\":\"https:\/\/akvazoo.ee\/\",\"logo\":{\"@type\":\"ImageObject\",\"inLanguage\":\"en-US\",\"@id\":\"https:\/\/akvazoo.ee\/#\/schema\/logo\/image\/\",\"url\":\"https:\/\/akvazoo.ee\/wp-content\/uploads\/2023\/09\/akvazoo.svg\",\"contentUrl\":\"https:\/\/akvazoo.ee\/wp-content\/uploads\/2023\/09\/akvazoo.svg\",\"width\":\"1024\",\"height\":\"1024\",\"caption\":\"Akvazoo Trade O\u00dc\"},\"image\":{\"@id\":\"https:\/\/akvazoo.ee\/#\/schema\/logo\/image\/\"},\"sameAs\":[\"https:\/\/www.facebook.com\/akvazoo.pood\"]}]}<\/script>\n<meta property=\"og:availability\" content=\"instock\" \/>\n<meta property=\"product:availability\" content=\"instock\" \/>\n<meta property=\"product:condition\" content=\"new\" \/>\n<!-- \/ Yoast SEO plugin. -->","yoast_head_json":{"title":"ESSENTIAL the JAGUAR P\u00c2T\u00c9","robots":{"index":"index","follow":"follow","max-snippet":"max-snippet:-1","max-image-preview":"max-image-preview:large","max-video-preview":"max-video-preview:-1"},"canonical":"https:\/\/akvazoo.ee\/en\/product\/essential-the-jaguar-pate\/","og_locale":"en_US","og_type":"article","og_title":"ESSENTIAL the JAGUAR P\u00c2T\u00c9","og_description":"ESSENTIAL the JAGUAR P\u00c2T\u00c9 is our exceptionally delicious dish with cuts of chicken fillets in a thick gravy with salmon. It\u2019s 85% meat \u2013 pretty amazing! Can be served as a complete meal or as a mouthwatering topping for adult cats seeking the very best. Composition:\u00a0Chicken fillets (66%), liver (15%), salmon (4%), pea flour (3%), lignocellulose, calcium carbonate, sea buckthorn (0.2%), nasturtium.","og_url":"https:\/\/akvazoo.ee\/en\/product\/essential-the-jaguar-pate\/","og_site_name":"AkvaZOO Online Pet Shop","article_publisher":"https:\/\/www.facebook.com\/akvazoo.pood","article_modified_time":"2025-12-30T21:54:19+00:00","og_image":[{"width":1564,"height":1860,"url":"https:\/\/akvazoo.ee\/wp-content\/uploads\/2024\/04\/jaguar_pate1.png","type":"image\/png"}],"twitter_card":"summary_large_image","twitter_misc":{"Availability":"In stock"},"schema":{"@context":"https:\/\/schema.org","@graph":[{"@type":"WebPage","@id":"https:\/\/akvazoo.ee\/en\/product\/essential-the-jaguar-pate\/","url":"https:\/\/akvazoo.ee\/en\/product\/essential-the-jaguar-pate\/","name":"ESSENTIAL the JAGUAR P\u00c2T\u00c9","isPartOf":{"@id":"https:\/\/akvazoo.ee\/#website"},"primaryImageOfPage":{"@id":"https:\/\/akvazoo.ee\/en\/product\/essential-the-jaguar-pate\/#primaryimage"},"image":{"@id":"https:\/\/akvazoo.ee\/en\/product\/essential-the-jaguar-pate\/#primaryimage"},"thumbnailUrl":"https:\/\/akvazoo.ee\/wp-content\/uploads\/2024\/04\/jaguar_pate1.png","datePublished":"2024-04-23T19:10:14+00:00","dateModified":"2025-12-30T21:54:19+00:00","breadcrumb":{"@id":"https:\/\/akvazoo.ee\/en\/product\/essential-the-jaguar-pate\/#breadcrumb"},"inLanguage":"en-US","potentialAction":[{"@type":"ReadAction","target":["https:\/\/akvazoo.ee\/en\/product\/essential-the-jaguar-pate\/"]}]},{"@type":"ImageObject","inLanguage":"en-US","@id":"https:\/\/akvazoo.ee\/en\/product\/essential-the-jaguar-pate\/#primaryimage","url":"https:\/\/akvazoo.ee\/wp-content\/uploads\/2024\/04\/jaguar_pate1.png","contentUrl":"https:\/\/akvazoo.ee\/wp-content\/uploads\/2024\/04\/jaguar_pate1.png","width":1564,"height":1860},{"@type":"BreadcrumbList","@id":"https:\/\/akvazoo.ee\/en\/product\/essential-the-jaguar-pate\/#breadcrumb","itemListElement":[{"@type":"ListItem","position":1,"name":"Home","item":"https:\/\/akvazoo.ee\/"},{"@type":"ListItem","position":2,"name":"Shop","item":"https:\/\/akvazoo.ee\/shop\/"},{"@type":"ListItem","position":3,"name":"ESSENTIAL the JAGUAR P\u00c2T\u00c9"}]},{"@type":"WebSite","@id":"https:\/\/akvazoo.ee\/#website","url":"https:\/\/akvazoo.ee\/","name":"AkvaZOO Lemmikloomapood","description":"","publisher":{"@id":"https:\/\/akvazoo.ee\/#organization"},"potentialAction":[{"@type":"SearchAction","target":{"@type":"EntryPoint","urlTemplate":"https:\/\/akvazoo.ee\/?s={search_term_string}"},"query-input":{"@type":"PropertyValueSpecification","valueRequired":true,"valueName":"search_term_string"}}],"inLanguage":"en-US"},{"@type":"Organization","@id":"https:\/\/akvazoo.ee\/#organization","name":"Akvazoo Trade O\u00dc","url":"https:\/\/akvazoo.ee\/","logo":{"@type":"ImageObject","inLanguage":"en-US","@id":"https:\/\/akvazoo.ee\/#\/schema\/logo\/image\/","url":"https:\/\/akvazoo.ee\/wp-content\/uploads\/2023\/09\/akvazoo.svg","contentUrl":"https:\/\/akvazoo.ee\/wp-content\/uploads\/2023\/09\/akvazoo.svg","width":"1024","height":"1024","caption":"Akvazoo Trade O\u00dc"},"image":{"@id":"https:\/\/akvazoo.ee\/#\/schema\/logo\/image\/"},"sameAs":["https:\/\/www.facebook.com\/akvazoo.pood"]}]},"og_availability":"instock","product_availability":"instock","product_condition":"new"},"_links":{"self":[{"href":"https:\/\/akvazoo.ee\/en\/wp-json\/wp\/v2\/product\/40575","targetHints":{"allow":["GET"]}}],"collection":[{"href":"https:\/\/akvazoo.ee\/en\/wp-json\/wp\/v2\/product"}],"about":[{"href":"https:\/\/akvazoo.ee\/en\/wp-json\/wp\/v2\/types\/product"}],"wp:featuredmedia":[{"embeddable":true,"href":"https:\/\/akvazoo.ee\/en\/wp-json\/wp\/v2\/media\/40578"}],"wp:attachment":[{"href":"https:\/\/akvazoo.ee\/en\/wp-json\/wp\/v2\/media?parent=40575"}],"wp:term":[{"taxonomy":"product_brand","embeddable":true,"href":"https:\/\/akvazoo.ee\/en\/wp-json\/wp\/v2\/product_brand?post=40575"},{"taxonomy":"product_cat","embeddable":true,"href":"https:\/\/akvazoo.ee\/en\/wp-json\/wp\/v2\/product_cat?post=40575"},{"taxonomy":"product_tag","embeddable":true,"href":"https:\/\/akvazoo.ee\/en\/wp-json\/wp\/v2\/product_tag?post=40575"}],"curies":[{"name":"wp","href":"https:\/\/api.w.org\/{rel}","templated":true}]}}