{"id":40617,"date":"2024-04-23T23:46:26","date_gmt":"2024-04-23T20:46:26","guid":{"rendered":"https:\/\/akvazoo.ee\/?post_type=product&#038;p=40617"},"modified":"2025-09-02T20:34:18","modified_gmt":"2025-09-02T17:34:18","slug":"essential-kingdom-living-pate-400-gr","status":"publish","type":"product","link":"https:\/\/akvazoo.ee\/en\/product\/essential-kingdom-living-pate-400-gr\/","title":{"rendered":"ESSENTIAL KINGDOM LIVING PATE 400 gr."},"content":{"rendered":"<p><strong>ANALYTICAL CONSTITUENTS:<\/strong>Crude protein 9%, crude fat 7%, crude ash 2.5%, crude fibre 0.8%, moisture 78%.<\/p>\n<p>\u200d<strong>METABOLISABLE\u00a0ENERGY:\u00a0<\/strong>1,090 kcal\/kg<\/p>\n<p>\u200d<strong>NUTRITIONAL ADDITIVES PER\u00a0KG:\u00a0<\/strong>Vitamin A (3a672a) 800IU, Vitamin D3 (3a671) 250IU, Zinc (3b606) 10mg, iron (3b106) 8mg, manganese (3b504) 2.4mg, iodine (3b201) 0.6mg.<\/p>\n","protected":false},"excerpt":{"rendered":"<div class=\"product attribute overview\">\n<div class=\"value\">\n<p>ESSENTIAL KINGDOM LIVING P\u00c2T\u00c9 is our delicious p\u00e2t\u00e9 with juicy meat pieces of wild boar and pork for adult dogs. Serve it as a complete meal or as a mouthwatering topping. It&#8217;s grain-free, made with only natural ingredients, and dare we say it, 100% YUM!<\/p>\n<\/div>\n<\/div>\n<p><strong>COMPOSITION:<\/strong> Wild boar meat (26%), pork hearts (20%), pork trachea (19%), pea flour (2%), cranberry (1%), blueberry (1%), goji berry (1%), blackberry (1%), lignocellulose, calcium carbonate, kelp (0.2%), green tea (0.2%), marigold (0.2%), ginger (0.2%), spirulina (0.2%).<\/p>\n","protected":false},"featured_media":40626,"template":"","meta":[],"product_brand":[],"product_cat":[349,576,762],"product_tag":[],"class_list":{"0":"post-40617","1":"product","2":"type-product","3":"status-publish","4":"has-post-thumbnail","6":"product_cat-dog-wet","7":"product_cat-essential-foods","8":"product_cat-essential-wet","10":"first","11":"instock","12":"shipping-taxable","13":"purchasable","14":"product-type-variable"},"yoast_head":"<!-- This site is optimized with the Yoast SEO plugin v26.2 - https:\/\/yoast.com\/wordpress\/plugins\/seo\/ -->\n<title>ESSENTIAL KINGDOM LIVING PATE 400 gr.<\/title>\n<meta name=\"robots\" content=\"index, follow, max-snippet:-1, max-image-preview:large, max-video-preview:-1\" \/>\n<link rel=\"canonical\" href=\"https:\/\/akvazoo.ee\/en\/product\/essential-kingdom-living-pate-400-gr\/\" \/>\n<meta property=\"og:locale\" content=\"en_US\" \/>\n<meta property=\"og:type\" content=\"article\" \/>\n<meta property=\"og:title\" content=\"ESSENTIAL KINGDOM LIVING PATE 400 gr.\" \/>\n<meta property=\"og:description\" content=\"ESSENTIAL KINGDOM LIVING P\u00c2T\u00c9 is our delicious p\u00e2t\u00e9 with juicy meat pieces of wild boar and pork for adult dogs. Serve it as a complete meal or as a mouthwatering topping. It&#039;s grain-free, made with only natural ingredients, and dare we say it, 100% YUM!    COMPOSITION: Wild boar meat (26%), pork hearts (20%), pork trachea (19%), pea flour (2%), cranberry (1%), blueberry (1%), goji berry (1%), blackberry (1%), lignocellulose, calcium carbonate, kelp (0.2%), green tea (0.2%), marigold (0.2%), ginger (0.2%), spirulina (0.2%).\" \/>\n<meta property=\"og:url\" content=\"https:\/\/akvazoo.ee\/en\/product\/essential-kingdom-living-pate-400-gr\/\" \/>\n<meta property=\"og:site_name\" content=\"AkvaZOO Online Pet Shop\" \/>\n<meta property=\"article:publisher\" content=\"https:\/\/www.facebook.com\/akvazoo.pood\" \/>\n<meta property=\"article:modified_time\" content=\"2025-09-02T17:34:18+00:00\" \/>\n<meta property=\"og:image\" content=\"https:\/\/akvazoo.ee\/wp-content\/uploads\/2024\/04\/king1.png\" \/>\n\t<meta property=\"og:image:width\" content=\"1563\" \/>\n\t<meta property=\"og:image:height\" content=\"1861\" \/>\n\t<meta property=\"og:image:type\" content=\"image\/png\" \/>\n<meta name=\"twitter:card\" content=\"summary_large_image\" \/>\n<meta name=\"twitter:label1\" content=\"Availability\" \/>\n\t<meta name=\"twitter:data1\" content=\"In stock\" \/>\n<script type=\"application\/ld+json\" class=\"yoast-schema-graph\">{\"@context\":\"https:\/\/schema.org\",\"@graph\":[{\"@type\":\"WebPage\",\"@id\":\"https:\/\/akvazoo.ee\/en\/product\/essential-kingdom-living-pate-400-gr\/\",\"url\":\"https:\/\/akvazoo.ee\/en\/product\/essential-kingdom-living-pate-400-gr\/\",\"name\":\"ESSENTIAL KINGDOM LIVING PATE 400 gr.\",\"isPartOf\":{\"@id\":\"https:\/\/akvazoo.ee\/#website\"},\"primaryImageOfPage\":{\"@id\":\"https:\/\/akvazoo.ee\/en\/product\/essential-kingdom-living-pate-400-gr\/#primaryimage\"},\"image\":{\"@id\":\"https:\/\/akvazoo.ee\/en\/product\/essential-kingdom-living-pate-400-gr\/#primaryimage\"},\"thumbnailUrl\":\"https:\/\/akvazoo.ee\/wp-content\/uploads\/2024\/04\/king1.png\",\"datePublished\":\"2024-04-23T20:46:26+00:00\",\"dateModified\":\"2025-09-02T17:34:18+00:00\",\"breadcrumb\":{\"@id\":\"https:\/\/akvazoo.ee\/en\/product\/essential-kingdom-living-pate-400-gr\/#breadcrumb\"},\"inLanguage\":\"en-US\",\"potentialAction\":[{\"@type\":\"ReadAction\",\"target\":[\"https:\/\/akvazoo.ee\/en\/product\/essential-kingdom-living-pate-400-gr\/\"]}]},{\"@type\":\"ImageObject\",\"inLanguage\":\"en-US\",\"@id\":\"https:\/\/akvazoo.ee\/en\/product\/essential-kingdom-living-pate-400-gr\/#primaryimage\",\"url\":\"https:\/\/akvazoo.ee\/wp-content\/uploads\/2024\/04\/king1.png\",\"contentUrl\":\"https:\/\/akvazoo.ee\/wp-content\/uploads\/2024\/04\/king1.png\",\"width\":1563,\"height\":1861},{\"@type\":\"BreadcrumbList\",\"@id\":\"https:\/\/akvazoo.ee\/en\/product\/essential-kingdom-living-pate-400-gr\/#breadcrumb\",\"itemListElement\":[{\"@type\":\"ListItem\",\"position\":1,\"name\":\"Home\",\"item\":\"https:\/\/akvazoo.ee\/\"},{\"@type\":\"ListItem\",\"position\":2,\"name\":\"Shop\",\"item\":\"https:\/\/akvazoo.ee\/shop\/\"},{\"@type\":\"ListItem\",\"position\":3,\"name\":\"ESSENTIAL KINGDOM LIVING PATE 400 gr.\"}]},{\"@type\":\"WebSite\",\"@id\":\"https:\/\/akvazoo.ee\/#website\",\"url\":\"https:\/\/akvazoo.ee\/\",\"name\":\"AkvaZOO Lemmikloomapood\",\"description\":\"\",\"publisher\":{\"@id\":\"https:\/\/akvazoo.ee\/#organization\"},\"potentialAction\":[{\"@type\":\"SearchAction\",\"target\":{\"@type\":\"EntryPoint\",\"urlTemplate\":\"https:\/\/akvazoo.ee\/?s={search_term_string}\"},\"query-input\":{\"@type\":\"PropertyValueSpecification\",\"valueRequired\":true,\"valueName\":\"search_term_string\"}}],\"inLanguage\":\"en-US\"},{\"@type\":\"Organization\",\"@id\":\"https:\/\/akvazoo.ee\/#organization\",\"name\":\"Akvazoo Trade O\u00dc\",\"url\":\"https:\/\/akvazoo.ee\/\",\"logo\":{\"@type\":\"ImageObject\",\"inLanguage\":\"en-US\",\"@id\":\"https:\/\/akvazoo.ee\/#\/schema\/logo\/image\/\",\"url\":\"https:\/\/akvazoo.ee\/wp-content\/uploads\/2023\/09\/akvazoo.svg\",\"contentUrl\":\"https:\/\/akvazoo.ee\/wp-content\/uploads\/2023\/09\/akvazoo.svg\",\"width\":\"1024\",\"height\":\"1024\",\"caption\":\"Akvazoo Trade O\u00dc\"},\"image\":{\"@id\":\"https:\/\/akvazoo.ee\/#\/schema\/logo\/image\/\"},\"sameAs\":[\"https:\/\/www.facebook.com\/akvazoo.pood\"]}]}<\/script>\n<meta property=\"og:availability\" content=\"instock\" \/>\n<meta property=\"product:availability\" content=\"instock\" \/>\n<meta property=\"product:condition\" content=\"new\" \/>\n<!-- \/ Yoast SEO plugin. -->","yoast_head_json":{"title":"ESSENTIAL KINGDOM LIVING PATE 400 gr.","robots":{"index":"index","follow":"follow","max-snippet":"max-snippet:-1","max-image-preview":"max-image-preview:large","max-video-preview":"max-video-preview:-1"},"canonical":"https:\/\/akvazoo.ee\/en\/product\/essential-kingdom-living-pate-400-gr\/","og_locale":"en_US","og_type":"article","og_title":"ESSENTIAL KINGDOM LIVING PATE 400 gr.","og_description":"ESSENTIAL KINGDOM LIVING P\u00c2T\u00c9 is our delicious p\u00e2t\u00e9 with juicy meat pieces of wild boar and pork for adult dogs. Serve it as a complete meal or as a mouthwatering topping. It's grain-free, made with only natural ingredients, and dare we say it, 100% YUM!    COMPOSITION: Wild boar meat (26%), pork hearts (20%), pork trachea (19%), pea flour (2%), cranberry (1%), blueberry (1%), goji berry (1%), blackberry (1%), lignocellulose, calcium carbonate, kelp (0.2%), green tea (0.2%), marigold (0.2%), ginger (0.2%), spirulina (0.2%).","og_url":"https:\/\/akvazoo.ee\/en\/product\/essential-kingdom-living-pate-400-gr\/","og_site_name":"AkvaZOO Online Pet Shop","article_publisher":"https:\/\/www.facebook.com\/akvazoo.pood","article_modified_time":"2025-09-02T17:34:18+00:00","og_image":[{"width":1563,"height":1861,"url":"https:\/\/akvazoo.ee\/wp-content\/uploads\/2024\/04\/king1.png","type":"image\/png"}],"twitter_card":"summary_large_image","twitter_misc":{"Availability":"In stock"},"schema":{"@context":"https:\/\/schema.org","@graph":[{"@type":"WebPage","@id":"https:\/\/akvazoo.ee\/en\/product\/essential-kingdom-living-pate-400-gr\/","url":"https:\/\/akvazoo.ee\/en\/product\/essential-kingdom-living-pate-400-gr\/","name":"ESSENTIAL KINGDOM LIVING PATE 400 gr.","isPartOf":{"@id":"https:\/\/akvazoo.ee\/#website"},"primaryImageOfPage":{"@id":"https:\/\/akvazoo.ee\/en\/product\/essential-kingdom-living-pate-400-gr\/#primaryimage"},"image":{"@id":"https:\/\/akvazoo.ee\/en\/product\/essential-kingdom-living-pate-400-gr\/#primaryimage"},"thumbnailUrl":"https:\/\/akvazoo.ee\/wp-content\/uploads\/2024\/04\/king1.png","datePublished":"2024-04-23T20:46:26+00:00","dateModified":"2025-09-02T17:34:18+00:00","breadcrumb":{"@id":"https:\/\/akvazoo.ee\/en\/product\/essential-kingdom-living-pate-400-gr\/#breadcrumb"},"inLanguage":"en-US","potentialAction":[{"@type":"ReadAction","target":["https:\/\/akvazoo.ee\/en\/product\/essential-kingdom-living-pate-400-gr\/"]}]},{"@type":"ImageObject","inLanguage":"en-US","@id":"https:\/\/akvazoo.ee\/en\/product\/essential-kingdom-living-pate-400-gr\/#primaryimage","url":"https:\/\/akvazoo.ee\/wp-content\/uploads\/2024\/04\/king1.png","contentUrl":"https:\/\/akvazoo.ee\/wp-content\/uploads\/2024\/04\/king1.png","width":1563,"height":1861},{"@type":"BreadcrumbList","@id":"https:\/\/akvazoo.ee\/en\/product\/essential-kingdom-living-pate-400-gr\/#breadcrumb","itemListElement":[{"@type":"ListItem","position":1,"name":"Home","item":"https:\/\/akvazoo.ee\/"},{"@type":"ListItem","position":2,"name":"Shop","item":"https:\/\/akvazoo.ee\/shop\/"},{"@type":"ListItem","position":3,"name":"ESSENTIAL KINGDOM LIVING PATE 400 gr."}]},{"@type":"WebSite","@id":"https:\/\/akvazoo.ee\/#website","url":"https:\/\/akvazoo.ee\/","name":"AkvaZOO Lemmikloomapood","description":"","publisher":{"@id":"https:\/\/akvazoo.ee\/#organization"},"potentialAction":[{"@type":"SearchAction","target":{"@type":"EntryPoint","urlTemplate":"https:\/\/akvazoo.ee\/?s={search_term_string}"},"query-input":{"@type":"PropertyValueSpecification","valueRequired":true,"valueName":"search_term_string"}}],"inLanguage":"en-US"},{"@type":"Organization","@id":"https:\/\/akvazoo.ee\/#organization","name":"Akvazoo Trade O\u00dc","url":"https:\/\/akvazoo.ee\/","logo":{"@type":"ImageObject","inLanguage":"en-US","@id":"https:\/\/akvazoo.ee\/#\/schema\/logo\/image\/","url":"https:\/\/akvazoo.ee\/wp-content\/uploads\/2023\/09\/akvazoo.svg","contentUrl":"https:\/\/akvazoo.ee\/wp-content\/uploads\/2023\/09\/akvazoo.svg","width":"1024","height":"1024","caption":"Akvazoo Trade O\u00dc"},"image":{"@id":"https:\/\/akvazoo.ee\/#\/schema\/logo\/image\/"},"sameAs":["https:\/\/www.facebook.com\/akvazoo.pood"]}]},"og_availability":"instock","product_availability":"instock","product_condition":"new"},"_links":{"self":[{"href":"https:\/\/akvazoo.ee\/en\/wp-json\/wp\/v2\/product\/40617","targetHints":{"allow":["GET"]}}],"collection":[{"href":"https:\/\/akvazoo.ee\/en\/wp-json\/wp\/v2\/product"}],"about":[{"href":"https:\/\/akvazoo.ee\/en\/wp-json\/wp\/v2\/types\/product"}],"wp:featuredmedia":[{"embeddable":true,"href":"https:\/\/akvazoo.ee\/en\/wp-json\/wp\/v2\/media\/40626"}],"wp:attachment":[{"href":"https:\/\/akvazoo.ee\/en\/wp-json\/wp\/v2\/media?parent=40617"}],"wp:term":[{"taxonomy":"product_brand","embeddable":true,"href":"https:\/\/akvazoo.ee\/en\/wp-json\/wp\/v2\/product_brand?post=40617"},{"taxonomy":"product_cat","embeddable":true,"href":"https:\/\/akvazoo.ee\/en\/wp-json\/wp\/v2\/product_cat?post=40617"},{"taxonomy":"product_tag","embeddable":true,"href":"https:\/\/akvazoo.ee\/en\/wp-json\/wp\/v2\/product_tag?post=40617"}],"curies":[{"name":"wp","href":"https:\/\/api.w.org\/{rel}","templated":true}]}}