{"id":41050,"date":"2024-05-14T22:24:44","date_gmt":"2024-05-14T19:24:44","guid":{"rendered":"https:\/\/akvazoo.ee\/?post_type=product&#038;p=41050"},"modified":"2025-12-30T01:48:36","modified_gmt":"2025-12-29T23:48:36","slug":"sunsun-hw-5000-lcd-uv","status":"publish","type":"product","link":"https:\/\/akvazoo.ee\/en\/product\/sunsun-hw-5000-lcd-uv\/","title":{"rendered":"SunSun HW-5000 LCD + UV"},"content":{"rendered":"<p>&nbsp;<\/p>\n<div style=\"width: 640px;\" class=\"wp-video\"><!--[if lt IE 9]><script>document.createElement('video');<\/script><![endif]-->\n<video class=\"wp-video-shortcode\" id=\"video-41050-1\" width=\"640\" height=\"360\" preload=\"metadata\" controls=\"controls\"><source type=\"video\/mp4\" src=\"https:\/\/akvazoo.ee\/wp-content\/uploads\/2024\/05\/sunsun-hw-5000-canister-filter-unboxing-setup.mp4?_=1\" \/><a href=\"https:\/\/akvazoo.ee\/wp-content\/uploads\/2024\/05\/sunsun-hw-5000-canister-filter-unboxing-setup.mp4\">https:\/\/akvazoo.ee\/wp-content\/uploads\/2024\/05\/sunsun-hw-5000-canister-filter-unboxing-setup.mp4<\/a><\/video><\/div>\n","protected":false},"excerpt":{"rendered":"<p>EXTERNAL FILTER SunSun HW-5000<br \/>\nUltra Modern Bucket Filter <strong>1800-4600l\/h<\/strong> with Built-in 9W UV-C Lamp<\/p>\n<p>It is equipped <strong>with a UV-C lamp and electronic control of the water pump capacity<\/strong> and lamp operation. Filter designed for large tanks. Seven-stage capacity adjustment allows you to set the capacity from 1800 l \/ h to 4600 l \/ h.<\/p>\n<p>The filter has a built-in UV-C 9W sterilizer that removes algae in the water, fights bacteria and parasites dangerous to farmed fish and plants.<\/p>\n<p>Frequency:50Hz\/60Hz<br \/>\nVoltage:220-240V<br \/>\nStall:7 levels<br \/>\nUV Power:9W<br \/>\nPower:10W-40W<br \/>\nH-max:1.4m~3.8m<br \/>\nOutput:1800L\/h~4600L\/h<br \/>\nCable length:1.8m<br \/>\nDimensions L\u00d7W\u00d7H:380\u00d7380\u00d7550mm<\/p>\n","protected":false},"featured_media":47416,"template":"","meta":[],"product_brand":[],"product_cat":[281,203],"product_tag":[],"class_list":{"0":"post-41050","1":"product","2":"type-product","3":"status-publish","4":"has-post-thumbnail","6":"product_cat-external-filters","7":"product_cat-uv","9":"first","10":"onbackorder","11":"sale","12":"shipping-taxable","13":"purchasable","14":"product-type-simple"},"yoast_head":"<!-- This site is optimized with the Yoast SEO plugin v26.2 - https:\/\/yoast.com\/wordpress\/plugins\/seo\/ -->\n<title>SunSun HW-5000 LCD + UV<\/title>\n<meta name=\"robots\" content=\"index, follow, max-snippet:-1, max-image-preview:large, max-video-preview:-1\" \/>\n<link rel=\"canonical\" href=\"https:\/\/akvazoo.ee\/en\/product\/sunsun-hw-5000-lcd-uv\/\" \/>\n<meta property=\"og:locale\" content=\"en_US\" \/>\n<meta property=\"og:type\" content=\"article\" \/>\n<meta property=\"og:title\" content=\"SunSun HW-5000 LCD + UV\" \/>\n<meta property=\"og:description\" content=\"EXTERNAL FILTER SunSun HW-5000 Ultra Modern Bucket Filter 1800-4600l\/h with Built-in 9W UV-C Lamp  It is equipped with a UV-C lamp and electronic control of the water pump capacity and lamp operation. Filter designed for large tanks. Seven-stage capacity adjustment allows you to set the capacity from 1800 l \/ h to 4600 l \/ h.  The filter has a built-in UV-C 9W sterilizer that removes algae in the water, fights bacteria and parasites dangerous to farmed fish and plants.  Frequency:50Hz\/60Hz Voltage:220-240V Stall:7 levels UV Power:9W Power:10W-40W H-max:1.4m~3.8m Output:1800L\/h~4600L\/h Cable length:1.8m Dimensions L\u00d7W\u00d7H:380\u00d7380\u00d7550mm\" \/>\n<meta property=\"og:url\" content=\"https:\/\/akvazoo.ee\/en\/product\/sunsun-hw-5000-lcd-uv\/\" \/>\n<meta property=\"og:site_name\" content=\"AkvaZOO Online Pet Shop\" \/>\n<meta property=\"article:publisher\" content=\"https:\/\/www.facebook.com\/akvazoo.pood\" \/>\n<meta property=\"article:modified_time\" content=\"2025-12-29T23:48:36+00:00\" \/>\n<meta property=\"og:image\" content=\"https:\/\/akvazoo.ee\/wp-content\/uploads\/2024\/05\/square-image-151.jpg\" \/>\n\t<meta property=\"og:image:width\" content=\"1200\" \/>\n\t<meta property=\"og:image:height\" content=\"1200\" \/>\n\t<meta property=\"og:image:type\" content=\"image\/jpeg\" \/>\n<meta name=\"twitter:card\" content=\"summary_large_image\" \/>\n<meta name=\"twitter:label1\" content=\"Price\" \/>\n\t<meta name=\"twitter:data1\" content=\"249.00&euro;\" \/>\n\t<meta name=\"twitter:label2\" content=\"Availability\" \/>\n\t<meta name=\"twitter:data2\" content=\"On backorder\" \/>\n<script type=\"application\/ld+json\" class=\"yoast-schema-graph\">{\"@context\":\"https:\/\/schema.org\",\"@graph\":[{\"@type\":\"WebPage\",\"@id\":\"https:\/\/akvazoo.ee\/en\/product\/sunsun-hw-5000-lcd-uv\/\",\"url\":\"https:\/\/akvazoo.ee\/en\/product\/sunsun-hw-5000-lcd-uv\/\",\"name\":\"SunSun HW-5000 LCD + UV\",\"isPartOf\":{\"@id\":\"https:\/\/akvazoo.ee\/#website\"},\"primaryImageOfPage\":{\"@id\":\"https:\/\/akvazoo.ee\/en\/product\/sunsun-hw-5000-lcd-uv\/#primaryimage\"},\"image\":{\"@id\":\"https:\/\/akvazoo.ee\/en\/product\/sunsun-hw-5000-lcd-uv\/#primaryimage\"},\"thumbnailUrl\":\"https:\/\/akvazoo.ee\/wp-content\/uploads\/2024\/05\/square-image-151.jpg\",\"datePublished\":\"2024-05-14T19:24:44+00:00\",\"dateModified\":\"2025-12-29T23:48:36+00:00\",\"breadcrumb\":{\"@id\":\"https:\/\/akvazoo.ee\/en\/product\/sunsun-hw-5000-lcd-uv\/#breadcrumb\"},\"inLanguage\":\"en-US\",\"potentialAction\":[{\"@type\":\"ReadAction\",\"target\":[\"https:\/\/akvazoo.ee\/en\/product\/sunsun-hw-5000-lcd-uv\/\"]}]},{\"@type\":\"ImageObject\",\"inLanguage\":\"en-US\",\"@id\":\"https:\/\/akvazoo.ee\/en\/product\/sunsun-hw-5000-lcd-uv\/#primaryimage\",\"url\":\"https:\/\/akvazoo.ee\/wp-content\/uploads\/2024\/05\/square-image-151.jpg\",\"contentUrl\":\"https:\/\/akvazoo.ee\/wp-content\/uploads\/2024\/05\/square-image-151.jpg\",\"width\":1200,\"height\":1200},{\"@type\":\"BreadcrumbList\",\"@id\":\"https:\/\/akvazoo.ee\/en\/product\/sunsun-hw-5000-lcd-uv\/#breadcrumb\",\"itemListElement\":[{\"@type\":\"ListItem\",\"position\":1,\"name\":\"Home\",\"item\":\"https:\/\/akvazoo.ee\/\"},{\"@type\":\"ListItem\",\"position\":2,\"name\":\"Shop\",\"item\":\"https:\/\/akvazoo.ee\/shop\/\"},{\"@type\":\"ListItem\",\"position\":3,\"name\":\"SunSun HW-5000 LCD + UV\"}]},{\"@type\":\"WebSite\",\"@id\":\"https:\/\/akvazoo.ee\/#website\",\"url\":\"https:\/\/akvazoo.ee\/\",\"name\":\"AkvaZOO Lemmikloomapood\",\"description\":\"\",\"publisher\":{\"@id\":\"https:\/\/akvazoo.ee\/#organization\"},\"potentialAction\":[{\"@type\":\"SearchAction\",\"target\":{\"@type\":\"EntryPoint\",\"urlTemplate\":\"https:\/\/akvazoo.ee\/?s={search_term_string}\"},\"query-input\":{\"@type\":\"PropertyValueSpecification\",\"valueRequired\":true,\"valueName\":\"search_term_string\"}}],\"inLanguage\":\"en-US\"},{\"@type\":\"Organization\",\"@id\":\"https:\/\/akvazoo.ee\/#organization\",\"name\":\"Akvazoo Trade O\u00dc\",\"url\":\"https:\/\/akvazoo.ee\/\",\"logo\":{\"@type\":\"ImageObject\",\"inLanguage\":\"en-US\",\"@id\":\"https:\/\/akvazoo.ee\/#\/schema\/logo\/image\/\",\"url\":\"https:\/\/akvazoo.ee\/wp-content\/uploads\/2023\/09\/akvazoo.svg\",\"contentUrl\":\"https:\/\/akvazoo.ee\/wp-content\/uploads\/2023\/09\/akvazoo.svg\",\"width\":\"1024\",\"height\":\"1024\",\"caption\":\"Akvazoo Trade O\u00dc\"},\"image\":{\"@id\":\"https:\/\/akvazoo.ee\/#\/schema\/logo\/image\/\"},\"sameAs\":[\"https:\/\/www.facebook.com\/akvazoo.pood\"]}]}<\/script>\n<meta property=\"product:price:amount\" content=\"249.00\" \/>\n<meta property=\"product:price:currency\" content=\"EUR\" \/>\n<meta property=\"og:availability\" content=\"backorder\" \/>\n<meta property=\"product:availability\" content=\"available for order\" \/>\n<meta property=\"product:condition\" content=\"new\" \/>\n<!-- \/ Yoast SEO plugin. -->","yoast_head_json":{"title":"SunSun HW-5000 LCD + UV","robots":{"index":"index","follow":"follow","max-snippet":"max-snippet:-1","max-image-preview":"max-image-preview:large","max-video-preview":"max-video-preview:-1"},"canonical":"https:\/\/akvazoo.ee\/en\/product\/sunsun-hw-5000-lcd-uv\/","og_locale":"en_US","og_type":"article","og_title":"SunSun HW-5000 LCD + UV","og_description":"EXTERNAL FILTER SunSun HW-5000 Ultra Modern Bucket Filter 1800-4600l\/h with Built-in 9W UV-C Lamp  It is equipped with a UV-C lamp and electronic control of the water pump capacity and lamp operation. Filter designed for large tanks. Seven-stage capacity adjustment allows you to set the capacity from 1800 l \/ h to 4600 l \/ h.  The filter has a built-in UV-C 9W sterilizer that removes algae in the water, fights bacteria and parasites dangerous to farmed fish and plants.  Frequency:50Hz\/60Hz Voltage:220-240V Stall:7 levels UV Power:9W Power:10W-40W H-max:1.4m~3.8m Output:1800L\/h~4600L\/h Cable length:1.8m Dimensions L\u00d7W\u00d7H:380\u00d7380\u00d7550mm","og_url":"https:\/\/akvazoo.ee\/en\/product\/sunsun-hw-5000-lcd-uv\/","og_site_name":"AkvaZOO Online Pet Shop","article_publisher":"https:\/\/www.facebook.com\/akvazoo.pood","article_modified_time":"2025-12-29T23:48:36+00:00","og_image":[{"width":1200,"height":1200,"url":"https:\/\/akvazoo.ee\/wp-content\/uploads\/2024\/05\/square-image-151.jpg","type":"image\/jpeg"}],"twitter_card":"summary_large_image","twitter_misc":{"Price":"249.00&euro;","Availability":"On backorder"},"schema":{"@context":"https:\/\/schema.org","@graph":[{"@type":"WebPage","@id":"https:\/\/akvazoo.ee\/en\/product\/sunsun-hw-5000-lcd-uv\/","url":"https:\/\/akvazoo.ee\/en\/product\/sunsun-hw-5000-lcd-uv\/","name":"SunSun HW-5000 LCD + UV","isPartOf":{"@id":"https:\/\/akvazoo.ee\/#website"},"primaryImageOfPage":{"@id":"https:\/\/akvazoo.ee\/en\/product\/sunsun-hw-5000-lcd-uv\/#primaryimage"},"image":{"@id":"https:\/\/akvazoo.ee\/en\/product\/sunsun-hw-5000-lcd-uv\/#primaryimage"},"thumbnailUrl":"https:\/\/akvazoo.ee\/wp-content\/uploads\/2024\/05\/square-image-151.jpg","datePublished":"2024-05-14T19:24:44+00:00","dateModified":"2025-12-29T23:48:36+00:00","breadcrumb":{"@id":"https:\/\/akvazoo.ee\/en\/product\/sunsun-hw-5000-lcd-uv\/#breadcrumb"},"inLanguage":"en-US","potentialAction":[{"@type":"ReadAction","target":["https:\/\/akvazoo.ee\/en\/product\/sunsun-hw-5000-lcd-uv\/"]}]},{"@type":"ImageObject","inLanguage":"en-US","@id":"https:\/\/akvazoo.ee\/en\/product\/sunsun-hw-5000-lcd-uv\/#primaryimage","url":"https:\/\/akvazoo.ee\/wp-content\/uploads\/2024\/05\/square-image-151.jpg","contentUrl":"https:\/\/akvazoo.ee\/wp-content\/uploads\/2024\/05\/square-image-151.jpg","width":1200,"height":1200},{"@type":"BreadcrumbList","@id":"https:\/\/akvazoo.ee\/en\/product\/sunsun-hw-5000-lcd-uv\/#breadcrumb","itemListElement":[{"@type":"ListItem","position":1,"name":"Home","item":"https:\/\/akvazoo.ee\/"},{"@type":"ListItem","position":2,"name":"Shop","item":"https:\/\/akvazoo.ee\/shop\/"},{"@type":"ListItem","position":3,"name":"SunSun HW-5000 LCD + UV"}]},{"@type":"WebSite","@id":"https:\/\/akvazoo.ee\/#website","url":"https:\/\/akvazoo.ee\/","name":"AkvaZOO Lemmikloomapood","description":"","publisher":{"@id":"https:\/\/akvazoo.ee\/#organization"},"potentialAction":[{"@type":"SearchAction","target":{"@type":"EntryPoint","urlTemplate":"https:\/\/akvazoo.ee\/?s={search_term_string}"},"query-input":{"@type":"PropertyValueSpecification","valueRequired":true,"valueName":"search_term_string"}}],"inLanguage":"en-US"},{"@type":"Organization","@id":"https:\/\/akvazoo.ee\/#organization","name":"Akvazoo Trade O\u00dc","url":"https:\/\/akvazoo.ee\/","logo":{"@type":"ImageObject","inLanguage":"en-US","@id":"https:\/\/akvazoo.ee\/#\/schema\/logo\/image\/","url":"https:\/\/akvazoo.ee\/wp-content\/uploads\/2023\/09\/akvazoo.svg","contentUrl":"https:\/\/akvazoo.ee\/wp-content\/uploads\/2023\/09\/akvazoo.svg","width":"1024","height":"1024","caption":"Akvazoo Trade O\u00dc"},"image":{"@id":"https:\/\/akvazoo.ee\/#\/schema\/logo\/image\/"},"sameAs":["https:\/\/www.facebook.com\/akvazoo.pood"]}]},"product_price_amount":"249.00","product_price_currency":"EUR","og_availability":"backorder","product_availability":"available for order","product_condition":"new"},"_links":{"self":[{"href":"https:\/\/akvazoo.ee\/en\/wp-json\/wp\/v2\/product\/41050","targetHints":{"allow":["GET"]}}],"collection":[{"href":"https:\/\/akvazoo.ee\/en\/wp-json\/wp\/v2\/product"}],"about":[{"href":"https:\/\/akvazoo.ee\/en\/wp-json\/wp\/v2\/types\/product"}],"wp:featuredmedia":[{"embeddable":true,"href":"https:\/\/akvazoo.ee\/en\/wp-json\/wp\/v2\/media\/47416"}],"wp:attachment":[{"href":"https:\/\/akvazoo.ee\/en\/wp-json\/wp\/v2\/media?parent=41050"}],"wp:term":[{"taxonomy":"product_brand","embeddable":true,"href":"https:\/\/akvazoo.ee\/en\/wp-json\/wp\/v2\/product_brand?post=41050"},{"taxonomy":"product_cat","embeddable":true,"href":"https:\/\/akvazoo.ee\/en\/wp-json\/wp\/v2\/product_cat?post=41050"},{"taxonomy":"product_tag","embeddable":true,"href":"https:\/\/akvazoo.ee\/en\/wp-json\/wp\/v2\/product_tag?post=41050"}],"curies":[{"name":"wp","href":"https:\/\/api.w.org\/{rel}","templated":true}]}}