{"id":45661,"date":"2025-08-27T22:06:11","date_gmt":"2025-08-27T19:06:11","guid":{"rendered":"https:\/\/akvazoo.ee\/?post_type=product&#038;p=45661"},"modified":"2025-08-27T22:13:21","modified_gmt":"2025-08-27T19:13:21","slug":"essential-the-lion-pate","status":"publish","type":"product","link":"https:\/\/akvazoo.ee\/en\/product\/essential-the-lion-pate\/","title":{"rendered":"ESSENTIAL the LITTLE LION P\u00c2T\u00c9"},"content":{"rendered":"<p><strong>Analytical constituents:<\/strong> Crude protein 9%, crude fat 4.5%, crude ash 2%, crude fibre 0.5%, moisture 82%.<\/p>\n<p><strong>Metabolisable energy:<\/strong> 840 kcal\/kg.<\/p>\n<p><strong>Nutritional additives per kg:<\/strong> <span>Vitamin A (3a672a) 400IU, Vitamin D3 (3a671) 120IU, Zinc (3b606) 5mg, iron (3b106) 4mg, manganese (3b504) 1.2mg, iodine (3b201) 0.3mg, taurine (3a370) 450mg<\/span><\/p>\n","protected":false},"excerpt":{"rendered":"<p><span><strong>ESSENTIAL the LITTLE LION P\u00c2T\u00c9<\/strong> is an exceptionally delicious treat with chunks of chicken fillet in rich salmon sauce. As a complete meal or an appetising topping, tailored to the needs and preferences of kittens. The LITTLE LION contains 85% meat and a complete nutrient package.<\/span><br \/>\n<strong>Composition:<\/strong> <span>Chicken fillets (65%), liver (15%), salmon (5%), pea flour (3%), lignocellulose, calcium carbonate, sea buckthorn (0.2%), nasturtium.<\/span><\/p>\n","protected":false},"featured_media":45670,"template":"","meta":[],"product_brand":[],"product_cat":[408,573,256],"product_tag":[],"class_list":{"0":"post-45661","1":"product","2":"type-product","3":"status-publish","4":"has-post-thumbnail","6":"product_cat-cat-wet","7":"product_cat-essential","8":"product_cat-kitten","10":"first","11":"instock","12":"sale","13":"shipping-taxable","14":"purchasable","15":"product-type-variable"},"yoast_head":"<!-- This site is optimized with the Yoast SEO plugin v26.2 - https:\/\/yoast.com\/wordpress\/plugins\/seo\/ -->\n<title>ESSENTIAL the LITTLE LION P\u00c2T\u00c9<\/title>\n<meta name=\"robots\" content=\"index, follow, max-snippet:-1, max-image-preview:large, max-video-preview:-1\" \/>\n<link rel=\"canonical\" href=\"https:\/\/akvazoo.ee\/en\/product\/essential-the-lion-pate\/\" \/>\n<meta property=\"og:locale\" content=\"en_US\" \/>\n<meta property=\"og:type\" content=\"article\" \/>\n<meta property=\"og:title\" content=\"ESSENTIAL the LITTLE LION P\u00c2T\u00c9\" \/>\n<meta property=\"og:description\" content=\"ESSENTIAL the LITTLE LION P\u00c2T\u00c9 is an exceptionally delicious treat with chunks of chicken fillet in rich salmon sauce. As a complete meal or an appetising topping, tailored to the needs and preferences of kittens. The LITTLE LION contains 85% meat and a complete nutrient package. Composition: Chicken fillets (65%), liver (15%), salmon (5%), pea flour (3%), lignocellulose, calcium carbonate, sea buckthorn (0.2%), nasturtium.\" \/>\n<meta property=\"og:url\" content=\"https:\/\/akvazoo.ee\/en\/product\/essential-the-lion-pate\/\" \/>\n<meta property=\"og:site_name\" content=\"AkvaZOO Online Pet Shop\" \/>\n<meta property=\"article:publisher\" content=\"https:\/\/www.facebook.com\/akvazoo.pood\" \/>\n<meta property=\"article:modified_time\" content=\"2025-08-27T19:13:21+00:00\" \/>\n<meta property=\"og:image\" content=\"https:\/\/akvazoo.ee\/wp-content\/uploads\/2025\/08\/lion-pate.jpg\" \/>\n\t<meta property=\"og:image:width\" content=\"1008\" \/>\n\t<meta property=\"og:image:height\" content=\"1200\" \/>\n\t<meta property=\"og:image:type\" content=\"image\/jpeg\" \/>\n<meta name=\"twitter:card\" content=\"summary_large_image\" \/>\n<meta name=\"twitter:label1\" content=\"Availability\" \/>\n\t<meta name=\"twitter:data1\" content=\"In stock\" \/>\n<script type=\"application\/ld+json\" class=\"yoast-schema-graph\">{\"@context\":\"https:\/\/schema.org\",\"@graph\":[{\"@type\":\"WebPage\",\"@id\":\"https:\/\/akvazoo.ee\/en\/product\/essential-the-lion-pate\/\",\"url\":\"https:\/\/akvazoo.ee\/en\/product\/essential-the-lion-pate\/\",\"name\":\"ESSENTIAL the LITTLE LION P\u00c2T\u00c9\",\"isPartOf\":{\"@id\":\"https:\/\/akvazoo.ee\/#website\"},\"primaryImageOfPage\":{\"@id\":\"https:\/\/akvazoo.ee\/en\/product\/essential-the-lion-pate\/#primaryimage\"},\"image\":{\"@id\":\"https:\/\/akvazoo.ee\/en\/product\/essential-the-lion-pate\/#primaryimage\"},\"thumbnailUrl\":\"https:\/\/akvazoo.ee\/wp-content\/uploads\/2025\/08\/lion-pate.jpg\",\"datePublished\":\"2025-08-27T19:06:11+00:00\",\"dateModified\":\"2025-08-27T19:13:21+00:00\",\"breadcrumb\":{\"@id\":\"https:\/\/akvazoo.ee\/en\/product\/essential-the-lion-pate\/#breadcrumb\"},\"inLanguage\":\"en-US\",\"potentialAction\":[{\"@type\":\"ReadAction\",\"target\":[\"https:\/\/akvazoo.ee\/en\/product\/essential-the-lion-pate\/\"]}]},{\"@type\":\"ImageObject\",\"inLanguage\":\"en-US\",\"@id\":\"https:\/\/akvazoo.ee\/en\/product\/essential-the-lion-pate\/#primaryimage\",\"url\":\"https:\/\/akvazoo.ee\/wp-content\/uploads\/2025\/08\/lion-pate.jpg\",\"contentUrl\":\"https:\/\/akvazoo.ee\/wp-content\/uploads\/2025\/08\/lion-pate.jpg\",\"width\":1008,\"height\":1200},{\"@type\":\"BreadcrumbList\",\"@id\":\"https:\/\/akvazoo.ee\/en\/product\/essential-the-lion-pate\/#breadcrumb\",\"itemListElement\":[{\"@type\":\"ListItem\",\"position\":1,\"name\":\"Home\",\"item\":\"https:\/\/akvazoo.ee\/\"},{\"@type\":\"ListItem\",\"position\":2,\"name\":\"Shop\",\"item\":\"https:\/\/akvazoo.ee\/shop\/\"},{\"@type\":\"ListItem\",\"position\":3,\"name\":\"ESSENTIAL the LITTLE LION P\u00c2T\u00c9\"}]},{\"@type\":\"WebSite\",\"@id\":\"https:\/\/akvazoo.ee\/#website\",\"url\":\"https:\/\/akvazoo.ee\/\",\"name\":\"AkvaZOO Lemmikloomapood\",\"description\":\"\",\"publisher\":{\"@id\":\"https:\/\/akvazoo.ee\/#organization\"},\"potentialAction\":[{\"@type\":\"SearchAction\",\"target\":{\"@type\":\"EntryPoint\",\"urlTemplate\":\"https:\/\/akvazoo.ee\/?s={search_term_string}\"},\"query-input\":{\"@type\":\"PropertyValueSpecification\",\"valueRequired\":true,\"valueName\":\"search_term_string\"}}],\"inLanguage\":\"en-US\"},{\"@type\":\"Organization\",\"@id\":\"https:\/\/akvazoo.ee\/#organization\",\"name\":\"Akvazoo Trade O\u00dc\",\"url\":\"https:\/\/akvazoo.ee\/\",\"logo\":{\"@type\":\"ImageObject\",\"inLanguage\":\"en-US\",\"@id\":\"https:\/\/akvazoo.ee\/#\/schema\/logo\/image\/\",\"url\":\"https:\/\/akvazoo.ee\/wp-content\/uploads\/2023\/09\/akvazoo.svg\",\"contentUrl\":\"https:\/\/akvazoo.ee\/wp-content\/uploads\/2023\/09\/akvazoo.svg\",\"width\":\"1024\",\"height\":\"1024\",\"caption\":\"Akvazoo Trade O\u00dc\"},\"image\":{\"@id\":\"https:\/\/akvazoo.ee\/#\/schema\/logo\/image\/\"},\"sameAs\":[\"https:\/\/www.facebook.com\/akvazoo.pood\"]}]}<\/script>\n<meta property=\"og:availability\" content=\"instock\" \/>\n<meta property=\"product:availability\" content=\"instock\" \/>\n<meta property=\"product:condition\" content=\"new\" \/>\n<!-- \/ Yoast SEO plugin. -->","yoast_head_json":{"title":"ESSENTIAL the LITTLE LION P\u00c2T\u00c9","robots":{"index":"index","follow":"follow","max-snippet":"max-snippet:-1","max-image-preview":"max-image-preview:large","max-video-preview":"max-video-preview:-1"},"canonical":"https:\/\/akvazoo.ee\/en\/product\/essential-the-lion-pate\/","og_locale":"en_US","og_type":"article","og_title":"ESSENTIAL the LITTLE LION P\u00c2T\u00c9","og_description":"ESSENTIAL the LITTLE LION P\u00c2T\u00c9 is an exceptionally delicious treat with chunks of chicken fillet in rich salmon sauce. As a complete meal or an appetising topping, tailored to the needs and preferences of kittens. The LITTLE LION contains 85% meat and a complete nutrient package. Composition: Chicken fillets (65%), liver (15%), salmon (5%), pea flour (3%), lignocellulose, calcium carbonate, sea buckthorn (0.2%), nasturtium.","og_url":"https:\/\/akvazoo.ee\/en\/product\/essential-the-lion-pate\/","og_site_name":"AkvaZOO Online Pet Shop","article_publisher":"https:\/\/www.facebook.com\/akvazoo.pood","article_modified_time":"2025-08-27T19:13:21+00:00","og_image":[{"width":1008,"height":1200,"url":"https:\/\/akvazoo.ee\/wp-content\/uploads\/2025\/08\/lion-pate.jpg","type":"image\/jpeg"}],"twitter_card":"summary_large_image","twitter_misc":{"Availability":"In stock"},"schema":{"@context":"https:\/\/schema.org","@graph":[{"@type":"WebPage","@id":"https:\/\/akvazoo.ee\/en\/product\/essential-the-lion-pate\/","url":"https:\/\/akvazoo.ee\/en\/product\/essential-the-lion-pate\/","name":"ESSENTIAL the LITTLE LION P\u00c2T\u00c9","isPartOf":{"@id":"https:\/\/akvazoo.ee\/#website"},"primaryImageOfPage":{"@id":"https:\/\/akvazoo.ee\/en\/product\/essential-the-lion-pate\/#primaryimage"},"image":{"@id":"https:\/\/akvazoo.ee\/en\/product\/essential-the-lion-pate\/#primaryimage"},"thumbnailUrl":"https:\/\/akvazoo.ee\/wp-content\/uploads\/2025\/08\/lion-pate.jpg","datePublished":"2025-08-27T19:06:11+00:00","dateModified":"2025-08-27T19:13:21+00:00","breadcrumb":{"@id":"https:\/\/akvazoo.ee\/en\/product\/essential-the-lion-pate\/#breadcrumb"},"inLanguage":"en-US","potentialAction":[{"@type":"ReadAction","target":["https:\/\/akvazoo.ee\/en\/product\/essential-the-lion-pate\/"]}]},{"@type":"ImageObject","inLanguage":"en-US","@id":"https:\/\/akvazoo.ee\/en\/product\/essential-the-lion-pate\/#primaryimage","url":"https:\/\/akvazoo.ee\/wp-content\/uploads\/2025\/08\/lion-pate.jpg","contentUrl":"https:\/\/akvazoo.ee\/wp-content\/uploads\/2025\/08\/lion-pate.jpg","width":1008,"height":1200},{"@type":"BreadcrumbList","@id":"https:\/\/akvazoo.ee\/en\/product\/essential-the-lion-pate\/#breadcrumb","itemListElement":[{"@type":"ListItem","position":1,"name":"Home","item":"https:\/\/akvazoo.ee\/"},{"@type":"ListItem","position":2,"name":"Shop","item":"https:\/\/akvazoo.ee\/shop\/"},{"@type":"ListItem","position":3,"name":"ESSENTIAL the LITTLE LION P\u00c2T\u00c9"}]},{"@type":"WebSite","@id":"https:\/\/akvazoo.ee\/#website","url":"https:\/\/akvazoo.ee\/","name":"AkvaZOO Lemmikloomapood","description":"","publisher":{"@id":"https:\/\/akvazoo.ee\/#organization"},"potentialAction":[{"@type":"SearchAction","target":{"@type":"EntryPoint","urlTemplate":"https:\/\/akvazoo.ee\/?s={search_term_string}"},"query-input":{"@type":"PropertyValueSpecification","valueRequired":true,"valueName":"search_term_string"}}],"inLanguage":"en-US"},{"@type":"Organization","@id":"https:\/\/akvazoo.ee\/#organization","name":"Akvazoo Trade O\u00dc","url":"https:\/\/akvazoo.ee\/","logo":{"@type":"ImageObject","inLanguage":"en-US","@id":"https:\/\/akvazoo.ee\/#\/schema\/logo\/image\/","url":"https:\/\/akvazoo.ee\/wp-content\/uploads\/2023\/09\/akvazoo.svg","contentUrl":"https:\/\/akvazoo.ee\/wp-content\/uploads\/2023\/09\/akvazoo.svg","width":"1024","height":"1024","caption":"Akvazoo Trade O\u00dc"},"image":{"@id":"https:\/\/akvazoo.ee\/#\/schema\/logo\/image\/"},"sameAs":["https:\/\/www.facebook.com\/akvazoo.pood"]}]},"og_availability":"instock","product_availability":"instock","product_condition":"new"},"_links":{"self":[{"href":"https:\/\/akvazoo.ee\/en\/wp-json\/wp\/v2\/product\/45661","targetHints":{"allow":["GET"]}}],"collection":[{"href":"https:\/\/akvazoo.ee\/en\/wp-json\/wp\/v2\/product"}],"about":[{"href":"https:\/\/akvazoo.ee\/en\/wp-json\/wp\/v2\/types\/product"}],"wp:featuredmedia":[{"embeddable":true,"href":"https:\/\/akvazoo.ee\/en\/wp-json\/wp\/v2\/media\/45670"}],"wp:attachment":[{"href":"https:\/\/akvazoo.ee\/en\/wp-json\/wp\/v2\/media?parent=45661"}],"wp:term":[{"taxonomy":"product_brand","embeddable":true,"href":"https:\/\/akvazoo.ee\/en\/wp-json\/wp\/v2\/product_brand?post=45661"},{"taxonomy":"product_cat","embeddable":true,"href":"https:\/\/akvazoo.ee\/en\/wp-json\/wp\/v2\/product_cat?post=45661"},{"taxonomy":"product_tag","embeddable":true,"href":"https:\/\/akvazoo.ee\/en\/wp-json\/wp\/v2\/product_tag?post=45661"}],"curies":[{"name":"wp","href":"https:\/\/api.w.org\/{rel}","templated":true}]}}