{"id":50999,"date":"2026-03-12T19:30:10","date_gmt":"2026-03-12T17:30:10","guid":{"rendered":"https:\/\/akvazoo.ee\/product\/sera-pond-uv-blocker\/"},"modified":"2026-03-18T02:47:18","modified_gmt":"2026-03-18T00:47:18","slug":"sera-pond-uv-blocker","status":"publish","type":"product","link":"https:\/\/akvazoo.ee\/ru\/product\/sera-pond-uv-blocker\/","title":{"rendered":"UV-blokeerija Sera Pond"},"content":{"rendered":"<div class=\"w-tabs layout_hor style_trendy switch_click initialized\">\n<div class=\"w-tabs-sections titles-align_none icon_chevron cpos_right\">\n<div id=\"sd61\" class=\"w-tabs-section active\">\n<div id=\"content-sd61\" class=\"w-tabs-section-content\">\n<div class=\"w-tabs-section-content-h i-cf\">\n<div class=\"w-post-elm post_content without_sections\">\n<p>Liigne p\u00e4ikesevalgus v\u00f5ib tiigi \u00f6kos\u00fcsteemile ohtu kujutada. Dekoratiiv- ja looduslikud tiigid, kus on palju p\u00e4ikesevalgust (UVA, UVB) v\u00f5i suured madalad alad, v\u00f5ivad kiiresti kuumeneda ja h\u00e4guseks muutuda. Tiigielanikud reageerivad intensiivsele valgusele sageli stressiga ja halvimal juhul v\u00f5ivad saada p\u00e4ikesep\u00f5letuse. Sel p\u00f5hjusel peaks tiik ideaalis olema projekteeritud nii, et v\u00e4hemalt kolmandik selle pinnast oleks varjus. Looduslikes tiikides on see eriti problemaatiline omanikele, kes ei soovi kasutada vetikat\u00f5rjevahendeid ega filtris\u00fcsteemi. Pond UV Blocker v\u00e4hendab UV-kiirguse l\u00e4bilaskvust kontsentreeritud humiinhapete abil ja regulaarsel kasutamisel selgitab tiigivett loomulikult. Kuldkalad, koi ja kohalikud kalad saavad varjutamisest kasu, kuna stressitase v\u00e4heneb. Pond UV Blockeris sisalduvad humiinained parandavad kalade tundlike limaskestade seisundit ja soodustavad nende heaolu.<\/p>\n<\/div>\n<\/div>\n<\/div>\n<\/div>\n<\/div>\n<\/div>\n","protected":false},"excerpt":{"rendered":"<p>P\u00e4ikesekaitse puhta loodusliku vee jaoks<br \/>\n<strong>V\u00e4hendab UV-kiirguse tungimist tiiki<\/strong><br \/>\nBlokeerib UV-kiirguse ja v\u00e4hendab seega h\u00e4gusust (roheline vesi)<br \/>\nHoiab \u00e4ra vee kuumenemise varjutamise t\u00f5ttu, eriti madalates kohtades<br \/>\nLooduslikud huumusained parandavad kalade limaskestade seisundit<br \/>\nIdeaalne kasutamiseks suvel v\u00f5i p\u00e4ikesepaistelistes kohtades<br \/>\n500 ml 10 000 liitri vee t\u00f6\u00f6tlemiseks<br \/>\n2,5 liitrit 50 000 liitri vee t\u00f6\u00f6tlemiseks<br \/>\n5 liitrit 100 000 liitri vee t\u00f6\u00f6tlemiseks<\/p>\n","protected":false},"featured_media":50921,"template":"","meta":[],"product_brand":[],"product_cat":[920],"product_tag":[],"class_list":{"0":"post-50999","1":"product","2":"type-product","3":"status-publish","4":"has-post-thumbnail","6":"product_cat-sera-pond","8":"first","9":"onbackorder","10":"shipping-taxable","11":"purchasable","12":"product-type-variable"},"yoast_head":"<!-- This site is optimized with the Yoast SEO plugin v26.2 - https:\/\/yoast.com\/wordpress\/plugins\/seo\/ -->\n<title>UV-blokeerija Sera Pond<\/title>\n<meta name=\"robots\" content=\"index, follow, max-snippet:-1, max-image-preview:large, max-video-preview:-1\" \/>\n<link rel=\"canonical\" href=\"https:\/\/akvazoo.ee\/ru\/product\/sera-pond-uv-blocker\/\" \/>\n<meta property=\"og:locale\" content=\"ru_RU\" \/>\n<meta property=\"og:type\" content=\"article\" \/>\n<meta property=\"og:title\" content=\"UV-blokeerija Sera Pond\" \/>\n<meta property=\"og:description\" content=\"P\u00e4ikesekaitse puhta loodusliku vee jaoks V\u00e4hendab UV-kiirguse tungimist tiiki Blokeerib UV-kiirguse ja v\u00e4hendab seega h\u00e4gusust (roheline vesi) Hoiab \u00e4ra vee kuumenemise varjutamise t\u00f5ttu, eriti madalates kohtades Looduslikud huumusained parandavad kalade limaskestade seisundit Ideaalne kasutamiseks suvel v\u00f5i p\u00e4ikesepaistelistes kohtades 500 ml 10 000 liitri vee t\u00f6\u00f6tlemiseks 2,5 liitrit 50 000 liitri vee t\u00f6\u00f6tlemiseks 5 liitrit 100 000 liitri vee t\u00f6\u00f6tlemiseks\" \/>\n<meta property=\"og:url\" content=\"https:\/\/akvazoo.ee\/ru\/product\/sera-pond-uv-blocker\/\" \/>\n<meta property=\"og:site_name\" content=\"\u0417\u043e\u043e\u043c\u0430\u0433\u0430\u0437\u0438\u043d AkvaZOO\" \/>\n<meta property=\"article:publisher\" content=\"https:\/\/www.facebook.com\/akvazoo.pood\" \/>\n<meta property=\"article:modified_time\" content=\"2026-03-18T00:47:18+00:00\" \/>\n<meta property=\"og:image\" content=\"https:\/\/akvazoo.ee\/wp-content\/uploads\/2026\/03\/uv-block.jpg\" \/>\n\t<meta property=\"og:image:width\" content=\"1200\" \/>\n\t<meta property=\"og:image:height\" content=\"1200\" \/>\n\t<meta property=\"og:image:type\" content=\"image\/jpeg\" \/>\n<meta name=\"twitter:card\" content=\"summary_large_image\" \/>\n<meta name=\"twitter:label1\" content=\"\u0414\u043e\u0441\u0442\u0443\u043f\u043d\u043e\u0441\u0442\u044c\" \/>\n\t<meta name=\"twitter:data1\" content=\"\u041d\u0430 \u0437\u0430\u043a\u0430\u0437\" \/>\n<script type=\"application\/ld+json\" class=\"yoast-schema-graph\">{\"@context\":\"https:\/\/schema.org\",\"@graph\":[{\"@type\":\"WebPage\",\"@id\":\"https:\/\/akvazoo.ee\/ru\/product\/sera-pond-uv-blocker\/\",\"url\":\"https:\/\/akvazoo.ee\/ru\/product\/sera-pond-uv-blocker\/\",\"name\":\"UV-blokeerija Sera Pond\",\"isPartOf\":{\"@id\":\"https:\/\/akvazoo.ee\/#website\"},\"primaryImageOfPage\":{\"@id\":\"https:\/\/akvazoo.ee\/ru\/product\/sera-pond-uv-blocker\/#primaryimage\"},\"image\":{\"@id\":\"https:\/\/akvazoo.ee\/ru\/product\/sera-pond-uv-blocker\/#primaryimage\"},\"thumbnailUrl\":\"https:\/\/akvazoo.ee\/wp-content\/uploads\/2026\/03\/uv-block.jpg\",\"datePublished\":\"2026-03-12T17:30:10+00:00\",\"dateModified\":\"2026-03-18T00:47:18+00:00\",\"breadcrumb\":{\"@id\":\"https:\/\/akvazoo.ee\/ru\/product\/sera-pond-uv-blocker\/#breadcrumb\"},\"inLanguage\":\"ru-RU\",\"potentialAction\":[{\"@type\":\"ReadAction\",\"target\":[\"https:\/\/akvazoo.ee\/ru\/product\/sera-pond-uv-blocker\/\"]}]},{\"@type\":\"ImageObject\",\"inLanguage\":\"ru-RU\",\"@id\":\"https:\/\/akvazoo.ee\/ru\/product\/sera-pond-uv-blocker\/#primaryimage\",\"url\":\"https:\/\/akvazoo.ee\/wp-content\/uploads\/2026\/03\/uv-block.jpg\",\"contentUrl\":\"https:\/\/akvazoo.ee\/wp-content\/uploads\/2026\/03\/uv-block.jpg\",\"width\":1200,\"height\":1200},{\"@type\":\"BreadcrumbList\",\"@id\":\"https:\/\/akvazoo.ee\/ru\/product\/sera-pond-uv-blocker\/#breadcrumb\",\"itemListElement\":[{\"@type\":\"ListItem\",\"position\":1,\"name\":\"Home\",\"item\":\"https:\/\/akvazoo.ee\/ru\/\"},{\"@type\":\"ListItem\",\"position\":2,\"name\":\"\u041c\u0430\u0433\u0430\u0437\u0438\u043d\",\"item\":\"https:\/\/akvazoo.ee\/ru\/magazin\/\"},{\"@type\":\"ListItem\",\"position\":3,\"name\":\"UV-blokeerija Sera Pond\"}]},{\"@type\":\"WebSite\",\"@id\":\"https:\/\/akvazoo.ee\/#website\",\"url\":\"https:\/\/akvazoo.ee\/\",\"name\":\"AkvaZOO Lemmikloomapood\",\"description\":\"\",\"publisher\":{\"@id\":\"https:\/\/akvazoo.ee\/#organization\"},\"potentialAction\":[{\"@type\":\"SearchAction\",\"target\":{\"@type\":\"EntryPoint\",\"urlTemplate\":\"https:\/\/akvazoo.ee\/?s={search_term_string}\"},\"query-input\":{\"@type\":\"PropertyValueSpecification\",\"valueRequired\":true,\"valueName\":\"search_term_string\"}}],\"inLanguage\":\"ru-RU\"},{\"@type\":\"Organization\",\"@id\":\"https:\/\/akvazoo.ee\/#organization\",\"name\":\"Akvazoo Trade O\u00dc\",\"url\":\"https:\/\/akvazoo.ee\/\",\"logo\":{\"@type\":\"ImageObject\",\"inLanguage\":\"ru-RU\",\"@id\":\"https:\/\/akvazoo.ee\/#\/schema\/logo\/image\/\",\"url\":\"https:\/\/akvazoo.ee\/wp-content\/uploads\/2023\/09\/akvazoo.svg\",\"contentUrl\":\"https:\/\/akvazoo.ee\/wp-content\/uploads\/2023\/09\/akvazoo.svg\",\"width\":\"1024\",\"height\":\"1024\",\"caption\":\"Akvazoo Trade O\u00dc\"},\"image\":{\"@id\":\"https:\/\/akvazoo.ee\/#\/schema\/logo\/image\/\"},\"sameAs\":[\"https:\/\/www.facebook.com\/akvazoo.pood\"]}]}<\/script>\n<meta property=\"og:availability\" content=\"backorder\" \/>\n<meta property=\"product:availability\" content=\"available for order\" \/>\n<meta property=\"product:condition\" content=\"new\" \/>\n<!-- \/ Yoast SEO plugin. -->","yoast_head_json":{"title":"UV-blokeerija Sera Pond","robots":{"index":"index","follow":"follow","max-snippet":"max-snippet:-1","max-image-preview":"max-image-preview:large","max-video-preview":"max-video-preview:-1"},"canonical":"https:\/\/akvazoo.ee\/ru\/product\/sera-pond-uv-blocker\/","og_locale":"ru_RU","og_type":"article","og_title":"UV-blokeerija Sera Pond","og_description":"P\u00e4ikesekaitse puhta loodusliku vee jaoks V\u00e4hendab UV-kiirguse tungimist tiiki Blokeerib UV-kiirguse ja v\u00e4hendab seega h\u00e4gusust (roheline vesi) Hoiab \u00e4ra vee kuumenemise varjutamise t\u00f5ttu, eriti madalates kohtades Looduslikud huumusained parandavad kalade limaskestade seisundit Ideaalne kasutamiseks suvel v\u00f5i p\u00e4ikesepaistelistes kohtades 500 ml 10 000 liitri vee t\u00f6\u00f6tlemiseks 2,5 liitrit 50 000 liitri vee t\u00f6\u00f6tlemiseks 5 liitrit 100 000 liitri vee t\u00f6\u00f6tlemiseks","og_url":"https:\/\/akvazoo.ee\/ru\/product\/sera-pond-uv-blocker\/","og_site_name":"\u0417\u043e\u043e\u043c\u0430\u0433\u0430\u0437\u0438\u043d AkvaZOO","article_publisher":"https:\/\/www.facebook.com\/akvazoo.pood","article_modified_time":"2026-03-18T00:47:18+00:00","og_image":[{"width":1200,"height":1200,"url":"https:\/\/akvazoo.ee\/wp-content\/uploads\/2026\/03\/uv-block.jpg","type":"image\/jpeg"}],"twitter_card":"summary_large_image","twitter_misc":{"\u0414\u043e\u0441\u0442\u0443\u043f\u043d\u043e\u0441\u0442\u044c":"\u041d\u0430 \u0437\u0430\u043a\u0430\u0437"},"schema":{"@context":"https:\/\/schema.org","@graph":[{"@type":"WebPage","@id":"https:\/\/akvazoo.ee\/ru\/product\/sera-pond-uv-blocker\/","url":"https:\/\/akvazoo.ee\/ru\/product\/sera-pond-uv-blocker\/","name":"UV-blokeerija Sera Pond","isPartOf":{"@id":"https:\/\/akvazoo.ee\/#website"},"primaryImageOfPage":{"@id":"https:\/\/akvazoo.ee\/ru\/product\/sera-pond-uv-blocker\/#primaryimage"},"image":{"@id":"https:\/\/akvazoo.ee\/ru\/product\/sera-pond-uv-blocker\/#primaryimage"},"thumbnailUrl":"https:\/\/akvazoo.ee\/wp-content\/uploads\/2026\/03\/uv-block.jpg","datePublished":"2026-03-12T17:30:10+00:00","dateModified":"2026-03-18T00:47:18+00:00","breadcrumb":{"@id":"https:\/\/akvazoo.ee\/ru\/product\/sera-pond-uv-blocker\/#breadcrumb"},"inLanguage":"ru-RU","potentialAction":[{"@type":"ReadAction","target":["https:\/\/akvazoo.ee\/ru\/product\/sera-pond-uv-blocker\/"]}]},{"@type":"ImageObject","inLanguage":"ru-RU","@id":"https:\/\/akvazoo.ee\/ru\/product\/sera-pond-uv-blocker\/#primaryimage","url":"https:\/\/akvazoo.ee\/wp-content\/uploads\/2026\/03\/uv-block.jpg","contentUrl":"https:\/\/akvazoo.ee\/wp-content\/uploads\/2026\/03\/uv-block.jpg","width":1200,"height":1200},{"@type":"BreadcrumbList","@id":"https:\/\/akvazoo.ee\/ru\/product\/sera-pond-uv-blocker\/#breadcrumb","itemListElement":[{"@type":"ListItem","position":1,"name":"Home","item":"https:\/\/akvazoo.ee\/ru\/"},{"@type":"ListItem","position":2,"name":"\u041c\u0430\u0433\u0430\u0437\u0438\u043d","item":"https:\/\/akvazoo.ee\/ru\/magazin\/"},{"@type":"ListItem","position":3,"name":"UV-blokeerija Sera Pond"}]},{"@type":"WebSite","@id":"https:\/\/akvazoo.ee\/#website","url":"https:\/\/akvazoo.ee\/","name":"AkvaZOO Lemmikloomapood","description":"","publisher":{"@id":"https:\/\/akvazoo.ee\/#organization"},"potentialAction":[{"@type":"SearchAction","target":{"@type":"EntryPoint","urlTemplate":"https:\/\/akvazoo.ee\/?s={search_term_string}"},"query-input":{"@type":"PropertyValueSpecification","valueRequired":true,"valueName":"search_term_string"}}],"inLanguage":"ru-RU"},{"@type":"Organization","@id":"https:\/\/akvazoo.ee\/#organization","name":"Akvazoo Trade O\u00dc","url":"https:\/\/akvazoo.ee\/","logo":{"@type":"ImageObject","inLanguage":"ru-RU","@id":"https:\/\/akvazoo.ee\/#\/schema\/logo\/image\/","url":"https:\/\/akvazoo.ee\/wp-content\/uploads\/2023\/09\/akvazoo.svg","contentUrl":"https:\/\/akvazoo.ee\/wp-content\/uploads\/2023\/09\/akvazoo.svg","width":"1024","height":"1024","caption":"Akvazoo Trade O\u00dc"},"image":{"@id":"https:\/\/akvazoo.ee\/#\/schema\/logo\/image\/"},"sameAs":["https:\/\/www.facebook.com\/akvazoo.pood"]}]},"og_availability":"backorder","product_availability":"available for order","product_condition":"new"},"_links":{"self":[{"href":"https:\/\/akvazoo.ee\/ru\/wp-json\/wp\/v2\/product\/50999","targetHints":{"allow":["GET"]}}],"collection":[{"href":"https:\/\/akvazoo.ee\/ru\/wp-json\/wp\/v2\/product"}],"about":[{"href":"https:\/\/akvazoo.ee\/ru\/wp-json\/wp\/v2\/types\/product"}],"wp:featuredmedia":[{"embeddable":true,"href":"https:\/\/akvazoo.ee\/ru\/wp-json\/wp\/v2\/media\/50921"}],"wp:attachment":[{"href":"https:\/\/akvazoo.ee\/ru\/wp-json\/wp\/v2\/media?parent=50999"}],"wp:term":[{"taxonomy":"product_brand","embeddable":true,"href":"https:\/\/akvazoo.ee\/ru\/wp-json\/wp\/v2\/product_brand?post=50999"},{"taxonomy":"product_cat","embeddable":true,"href":"https:\/\/akvazoo.ee\/ru\/wp-json\/wp\/v2\/product_cat?post=50999"},{"taxonomy":"product_tag","embeddable":true,"href":"https:\/\/akvazoo.ee\/ru\/wp-json\/wp\/v2\/product_tag?post=50999"}],"curies":[{"name":"wp","href":"https:\/\/api.w.org\/{rel}","templated":true}]}}