{"id":51005,"date":"2026-03-12T19:20:16","date_gmt":"2026-03-12T17:20:16","guid":{"rendered":"https:\/\/akvazoo.ee\/product\/sera-pond-toxin-remover\/"},"modified":"2026-03-18T02:45:22","modified_gmt":"2026-03-18T00:45:22","slug":"sera-pond-toxin-remover","status":"publish","type":"product","link":"https:\/\/akvazoo.ee\/ru\/product\/sera-pond-toxin-remover\/","title":{"rendered":"Tiigi toksiinide eemaldaja Sera"},"content":{"rendered":"<div class=\"w-tabs layout_hor style_trendy switch_click initialized\">\n<div class=\"w-tabs-sections titles-align_none icon_chevron cpos_right\">\n<div id=\"af0e\" class=\"w-tabs-section active\">\n<div id=\"content-af0e\" class=\"w-tabs-section-content\">\n<div class=\"w-tabs-section-content-h i-cf\">\n<div class=\"w-post-elm post_content without_sections\">\n<p>Tiigim\u00fcrgid kujutavad endast t\u00f5sist ohtu koi-karpkaladele ja teistele tiigielanikele. V\u00f5imalike p\u00f5hjuste hulka kuuluvad kraanivees sisalduv vask ja vihmaveega katustelt leostuvad raskmetallid, mis tiigivette satuvad.<br \/>\nRikkega filtreerimiss\u00fcsteem v\u00f5i tahtmatu \u00fcletoitmine v\u00f5ib p\u00f5hjustada eluohtliku nitriti- v\u00f5i ammoniaagim\u00fcrgistuse. Nitrititaseme t\u00f5us v\u00f5ib tekkida mitte ainult alguses, vaid ka p\u00e4rast kalapopulatsiooni suurendamist v\u00f5i eba\u00f5iget tiigihooldust.<br \/>\nKalade m\u00fcrgistuse s\u00fcmptomiteks on punetus, rahutus ja kiire hingamine.<br \/>\nTiigim\u00fcrgistuse eemaldaja eemaldab koheselt ja usaldusv\u00e4\u00e4rselt toksiine, nagu ammoniaak ja nitritid. See v\u00e4hendab nitriti tippkontsentratsiooni ja l\u00fchendab selle kestust. Samal ajal seob see pikaks ajaks ohtlikke raskmetalle, nagu plii ja vask. Selle tulemusena tagab see ohutuse kalade esmakordsel asustamisel, uute kalade lisamisel v\u00f5i seadmete rikke korral.<\/p>\n<\/div>\n<\/div>\n<\/div>\n<\/div>\n<\/div>\n<\/div>\n","protected":false},"excerpt":{"rendered":"<div class=\"w-post-elm post_content us_custom_c097cd2b\">\n<p><strong>Kohene abi m\u00fcrgistuse korral<\/strong><br \/>\nEemaldab koheselt ammoniaagi ja nitritid ning v\u00e4hendab nitriti tippkontsentratsiooni.<br \/>\nSeob pikaks ajaks raskmetalle, n\u00e4iteks pliid ja vaske.<\/p>\n<p>Ideaalne h\u00e4daabi: toimib kiiresti ja usaldusv\u00e4\u00e4rselt isegi rasketel juhtudel.<br \/>\nTagab ohutuse kalade esmakordsel asustamisel, uute kalade lisamisel v\u00f5i seadmete rikke korral.<\/p>\n<p>T\u00f5siste m\u00fcrgistusn\u00e4htude korral<\/p>\n<p>500 ml 10 000 liitri vee kohta<br \/>\n2,5 liitrit 50 000 liitri vee kohta<br \/>\n5 liitrit 100 000 liitri vee kohta<\/p>\n<\/div>\n","protected":false},"featured_media":50914,"template":"","meta":[],"product_brand":[],"product_cat":[920],"product_tag":[],"class_list":{"0":"post-51005","1":"product","2":"type-product","3":"status-publish","4":"has-post-thumbnail","6":"product_cat-sera-pond","8":"first","9":"onbackorder","10":"shipping-taxable","11":"purchasable","12":"product-type-variable"},"yoast_head":"<!-- This site is optimized with the Yoast SEO plugin v26.2 - https:\/\/yoast.com\/wordpress\/plugins\/seo\/ -->\n<title>Tiigi toksiinide eemaldaja Sera<\/title>\n<meta name=\"robots\" content=\"index, follow, max-snippet:-1, max-image-preview:large, max-video-preview:-1\" \/>\n<link rel=\"canonical\" href=\"https:\/\/akvazoo.ee\/ru\/product\/sera-pond-toxin-remover\/\" \/>\n<meta property=\"og:locale\" content=\"ru_RU\" \/>\n<meta property=\"og:type\" content=\"article\" \/>\n<meta property=\"og:title\" content=\"Tiigi toksiinide eemaldaja Sera\" \/>\n<meta property=\"og:description\" content=\"Kohene abi m\u00fcrgistuse korral Eemaldab koheselt ammoniaagi ja nitritid ning v\u00e4hendab nitriti tippkontsentratsiooni. Seob pikaks ajaks raskmetalle, n\u00e4iteks pliid ja vaske.  Ideaalne h\u00e4daabi: toimib kiiresti ja usaldusv\u00e4\u00e4rselt isegi rasketel juhtudel. Tagab ohutuse kalade esmakordsel asustamisel, uute kalade lisamisel v\u00f5i seadmete rikke korral.  T\u00f5siste m\u00fcrgistusn\u00e4htude korral  500 ml 10 000 liitri vee kohta 2,5 liitrit 50 000 liitri vee kohta 5 liitrit 100 000 liitri vee kohta\" \/>\n<meta property=\"og:url\" content=\"https:\/\/akvazoo.ee\/ru\/product\/sera-pond-toxin-remover\/\" \/>\n<meta property=\"og:site_name\" content=\"\u0417\u043e\u043e\u043c\u0430\u0433\u0430\u0437\u0438\u043d AkvaZOO\" \/>\n<meta property=\"article:publisher\" content=\"https:\/\/www.facebook.com\/akvazoo.pood\" \/>\n<meta property=\"article:modified_time\" content=\"2026-03-18T00:45:22+00:00\" \/>\n<meta property=\"og:image\" content=\"https:\/\/akvazoo.ee\/wp-content\/uploads\/2026\/03\/toxin.jpg\" \/>\n\t<meta property=\"og:image:width\" content=\"1200\" \/>\n\t<meta property=\"og:image:height\" content=\"1200\" \/>\n\t<meta property=\"og:image:type\" content=\"image\/jpeg\" \/>\n<meta name=\"twitter:card\" content=\"summary_large_image\" \/>\n<meta name=\"twitter:label1\" content=\"\u0414\u043e\u0441\u0442\u0443\u043f\u043d\u043e\u0441\u0442\u044c\" \/>\n\t<meta name=\"twitter:data1\" content=\"\u041d\u0430 \u0437\u0430\u043a\u0430\u0437\" \/>\n<script type=\"application\/ld+json\" class=\"yoast-schema-graph\">{\"@context\":\"https:\/\/schema.org\",\"@graph\":[{\"@type\":\"WebPage\",\"@id\":\"https:\/\/akvazoo.ee\/ru\/product\/sera-pond-toxin-remover\/\",\"url\":\"https:\/\/akvazoo.ee\/ru\/product\/sera-pond-toxin-remover\/\",\"name\":\"Tiigi toksiinide eemaldaja Sera\",\"isPartOf\":{\"@id\":\"https:\/\/akvazoo.ee\/#website\"},\"primaryImageOfPage\":{\"@id\":\"https:\/\/akvazoo.ee\/ru\/product\/sera-pond-toxin-remover\/#primaryimage\"},\"image\":{\"@id\":\"https:\/\/akvazoo.ee\/ru\/product\/sera-pond-toxin-remover\/#primaryimage\"},\"thumbnailUrl\":\"https:\/\/akvazoo.ee\/wp-content\/uploads\/2026\/03\/toxin.jpg\",\"datePublished\":\"2026-03-12T17:20:16+00:00\",\"dateModified\":\"2026-03-18T00:45:22+00:00\",\"breadcrumb\":{\"@id\":\"https:\/\/akvazoo.ee\/ru\/product\/sera-pond-toxin-remover\/#breadcrumb\"},\"inLanguage\":\"ru-RU\",\"potentialAction\":[{\"@type\":\"ReadAction\",\"target\":[\"https:\/\/akvazoo.ee\/ru\/product\/sera-pond-toxin-remover\/\"]}]},{\"@type\":\"ImageObject\",\"inLanguage\":\"ru-RU\",\"@id\":\"https:\/\/akvazoo.ee\/ru\/product\/sera-pond-toxin-remover\/#primaryimage\",\"url\":\"https:\/\/akvazoo.ee\/wp-content\/uploads\/2026\/03\/toxin.jpg\",\"contentUrl\":\"https:\/\/akvazoo.ee\/wp-content\/uploads\/2026\/03\/toxin.jpg\",\"width\":1200,\"height\":1200},{\"@type\":\"BreadcrumbList\",\"@id\":\"https:\/\/akvazoo.ee\/ru\/product\/sera-pond-toxin-remover\/#breadcrumb\",\"itemListElement\":[{\"@type\":\"ListItem\",\"position\":1,\"name\":\"Home\",\"item\":\"https:\/\/akvazoo.ee\/ru\/\"},{\"@type\":\"ListItem\",\"position\":2,\"name\":\"\u041c\u0430\u0433\u0430\u0437\u0438\u043d\",\"item\":\"https:\/\/akvazoo.ee\/ru\/magazin\/\"},{\"@type\":\"ListItem\",\"position\":3,\"name\":\"Tiigi toksiinide eemaldaja Sera\"}]},{\"@type\":\"WebSite\",\"@id\":\"https:\/\/akvazoo.ee\/#website\",\"url\":\"https:\/\/akvazoo.ee\/\",\"name\":\"AkvaZOO Lemmikloomapood\",\"description\":\"\",\"publisher\":{\"@id\":\"https:\/\/akvazoo.ee\/#organization\"},\"potentialAction\":[{\"@type\":\"SearchAction\",\"target\":{\"@type\":\"EntryPoint\",\"urlTemplate\":\"https:\/\/akvazoo.ee\/?s={search_term_string}\"},\"query-input\":{\"@type\":\"PropertyValueSpecification\",\"valueRequired\":true,\"valueName\":\"search_term_string\"}}],\"inLanguage\":\"ru-RU\"},{\"@type\":\"Organization\",\"@id\":\"https:\/\/akvazoo.ee\/#organization\",\"name\":\"Akvazoo Trade O\u00dc\",\"url\":\"https:\/\/akvazoo.ee\/\",\"logo\":{\"@type\":\"ImageObject\",\"inLanguage\":\"ru-RU\",\"@id\":\"https:\/\/akvazoo.ee\/#\/schema\/logo\/image\/\",\"url\":\"https:\/\/akvazoo.ee\/wp-content\/uploads\/2023\/09\/akvazoo.svg\",\"contentUrl\":\"https:\/\/akvazoo.ee\/wp-content\/uploads\/2023\/09\/akvazoo.svg\",\"width\":\"1024\",\"height\":\"1024\",\"caption\":\"Akvazoo Trade O\u00dc\"},\"image\":{\"@id\":\"https:\/\/akvazoo.ee\/#\/schema\/logo\/image\/\"},\"sameAs\":[\"https:\/\/www.facebook.com\/akvazoo.pood\"]}]}<\/script>\n<meta property=\"og:availability\" content=\"backorder\" \/>\n<meta property=\"product:availability\" content=\"available for order\" \/>\n<meta property=\"product:condition\" content=\"new\" \/>\n<!-- \/ Yoast SEO plugin. -->","yoast_head_json":{"title":"Tiigi toksiinide eemaldaja Sera","robots":{"index":"index","follow":"follow","max-snippet":"max-snippet:-1","max-image-preview":"max-image-preview:large","max-video-preview":"max-video-preview:-1"},"canonical":"https:\/\/akvazoo.ee\/ru\/product\/sera-pond-toxin-remover\/","og_locale":"ru_RU","og_type":"article","og_title":"Tiigi toksiinide eemaldaja Sera","og_description":"Kohene abi m\u00fcrgistuse korral Eemaldab koheselt ammoniaagi ja nitritid ning v\u00e4hendab nitriti tippkontsentratsiooni. Seob pikaks ajaks raskmetalle, n\u00e4iteks pliid ja vaske.  Ideaalne h\u00e4daabi: toimib kiiresti ja usaldusv\u00e4\u00e4rselt isegi rasketel juhtudel. Tagab ohutuse kalade esmakordsel asustamisel, uute kalade lisamisel v\u00f5i seadmete rikke korral.  T\u00f5siste m\u00fcrgistusn\u00e4htude korral  500 ml 10 000 liitri vee kohta 2,5 liitrit 50 000 liitri vee kohta 5 liitrit 100 000 liitri vee kohta","og_url":"https:\/\/akvazoo.ee\/ru\/product\/sera-pond-toxin-remover\/","og_site_name":"\u0417\u043e\u043e\u043c\u0430\u0433\u0430\u0437\u0438\u043d AkvaZOO","article_publisher":"https:\/\/www.facebook.com\/akvazoo.pood","article_modified_time":"2026-03-18T00:45:22+00:00","og_image":[{"width":1200,"height":1200,"url":"https:\/\/akvazoo.ee\/wp-content\/uploads\/2026\/03\/toxin.jpg","type":"image\/jpeg"}],"twitter_card":"summary_large_image","twitter_misc":{"\u0414\u043e\u0441\u0442\u0443\u043f\u043d\u043e\u0441\u0442\u044c":"\u041d\u0430 \u0437\u0430\u043a\u0430\u0437"},"schema":{"@context":"https:\/\/schema.org","@graph":[{"@type":"WebPage","@id":"https:\/\/akvazoo.ee\/ru\/product\/sera-pond-toxin-remover\/","url":"https:\/\/akvazoo.ee\/ru\/product\/sera-pond-toxin-remover\/","name":"Tiigi toksiinide eemaldaja Sera","isPartOf":{"@id":"https:\/\/akvazoo.ee\/#website"},"primaryImageOfPage":{"@id":"https:\/\/akvazoo.ee\/ru\/product\/sera-pond-toxin-remover\/#primaryimage"},"image":{"@id":"https:\/\/akvazoo.ee\/ru\/product\/sera-pond-toxin-remover\/#primaryimage"},"thumbnailUrl":"https:\/\/akvazoo.ee\/wp-content\/uploads\/2026\/03\/toxin.jpg","datePublished":"2026-03-12T17:20:16+00:00","dateModified":"2026-03-18T00:45:22+00:00","breadcrumb":{"@id":"https:\/\/akvazoo.ee\/ru\/product\/sera-pond-toxin-remover\/#breadcrumb"},"inLanguage":"ru-RU","potentialAction":[{"@type":"ReadAction","target":["https:\/\/akvazoo.ee\/ru\/product\/sera-pond-toxin-remover\/"]}]},{"@type":"ImageObject","inLanguage":"ru-RU","@id":"https:\/\/akvazoo.ee\/ru\/product\/sera-pond-toxin-remover\/#primaryimage","url":"https:\/\/akvazoo.ee\/wp-content\/uploads\/2026\/03\/toxin.jpg","contentUrl":"https:\/\/akvazoo.ee\/wp-content\/uploads\/2026\/03\/toxin.jpg","width":1200,"height":1200},{"@type":"BreadcrumbList","@id":"https:\/\/akvazoo.ee\/ru\/product\/sera-pond-toxin-remover\/#breadcrumb","itemListElement":[{"@type":"ListItem","position":1,"name":"Home","item":"https:\/\/akvazoo.ee\/ru\/"},{"@type":"ListItem","position":2,"name":"\u041c\u0430\u0433\u0430\u0437\u0438\u043d","item":"https:\/\/akvazoo.ee\/ru\/magazin\/"},{"@type":"ListItem","position":3,"name":"Tiigi toksiinide eemaldaja Sera"}]},{"@type":"WebSite","@id":"https:\/\/akvazoo.ee\/#website","url":"https:\/\/akvazoo.ee\/","name":"AkvaZOO Lemmikloomapood","description":"","publisher":{"@id":"https:\/\/akvazoo.ee\/#organization"},"potentialAction":[{"@type":"SearchAction","target":{"@type":"EntryPoint","urlTemplate":"https:\/\/akvazoo.ee\/?s={search_term_string}"},"query-input":{"@type":"PropertyValueSpecification","valueRequired":true,"valueName":"search_term_string"}}],"inLanguage":"ru-RU"},{"@type":"Organization","@id":"https:\/\/akvazoo.ee\/#organization","name":"Akvazoo Trade O\u00dc","url":"https:\/\/akvazoo.ee\/","logo":{"@type":"ImageObject","inLanguage":"ru-RU","@id":"https:\/\/akvazoo.ee\/#\/schema\/logo\/image\/","url":"https:\/\/akvazoo.ee\/wp-content\/uploads\/2023\/09\/akvazoo.svg","contentUrl":"https:\/\/akvazoo.ee\/wp-content\/uploads\/2023\/09\/akvazoo.svg","width":"1024","height":"1024","caption":"Akvazoo Trade O\u00dc"},"image":{"@id":"https:\/\/akvazoo.ee\/#\/schema\/logo\/image\/"},"sameAs":["https:\/\/www.facebook.com\/akvazoo.pood"]}]},"og_availability":"backorder","product_availability":"available for order","product_condition":"new"},"_links":{"self":[{"href":"https:\/\/akvazoo.ee\/ru\/wp-json\/wp\/v2\/product\/51005","targetHints":{"allow":["GET"]}}],"collection":[{"href":"https:\/\/akvazoo.ee\/ru\/wp-json\/wp\/v2\/product"}],"about":[{"href":"https:\/\/akvazoo.ee\/ru\/wp-json\/wp\/v2\/types\/product"}],"wp:featuredmedia":[{"embeddable":true,"href":"https:\/\/akvazoo.ee\/ru\/wp-json\/wp\/v2\/media\/50914"}],"wp:attachment":[{"href":"https:\/\/akvazoo.ee\/ru\/wp-json\/wp\/v2\/media?parent=51005"}],"wp:term":[{"taxonomy":"product_brand","embeddable":true,"href":"https:\/\/akvazoo.ee\/ru\/wp-json\/wp\/v2\/product_brand?post=51005"},{"taxonomy":"product_cat","embeddable":true,"href":"https:\/\/akvazoo.ee\/ru\/wp-json\/wp\/v2\/product_cat?post=51005"},{"taxonomy":"product_tag","embeddable":true,"href":"https:\/\/akvazoo.ee\/ru\/wp-json\/wp\/v2\/product_tag?post=51005"}],"curies":[{"name":"wp","href":"https:\/\/api.w.org\/{rel}","templated":true}]}}